{"id":5250,"date":"2023-10-16T11:46:20","date_gmt":"2023-10-16T11:46:20","guid":{"rendered":"https:\/\/artvision-marble.com\/travertin\/"},"modified":"2024-02-01T14:41:43","modified_gmt":"2024-02-01T14:41:43","slug":"travertin","status":"publish","type":"page","link":"https:\/\/artvision-marble.com\/fr\/travertin\/","title":{"rendered":"Travertin"},"content":{"rendered":"\t\t<div data-elementor-type=\"wp-page\" data-elementor-id=\"5250\" class=\"elementor elementor-5250 elementor-2996\" data-elementor-post-type=\"page\">\n\t\t\t\t\t\t<section class=\"elementor-section elementor-top-section elementor-element elementor-element-8b7ae86 elementor-section-boxed elementor-section-height-default elementor-section-height-default parallax_section_no qode_elementor_container_no\" data-id=\"8b7ae86\" data-element_type=\"section\" data-e-type=\"section\">\n\t\t\t\t\t\t<div class=\"elementor-container elementor-column-gap-default\">\n\t\t\t\t\t<div class=\"elementor-column elementor-col-100 elementor-top-column elementor-element elementor-element-697a727\" data-id=\"697a727\" data-element_type=\"column\" data-e-type=\"column\">\n\t\t\t<div class=\"elementor-widget-wrap elementor-element-populated\">\n\t\t\t\t\t\t<div class=\"elementor-element elementor-element-5d9ae37 elementor-tabs-view-horizontal elementor-widget elementor-widget-tabs\" data-id=\"5d9ae37\" data-element_type=\"widget\" data-e-type=\"widget\" data-widget_type=\"tabs.default\">\n\t\t\t\t<div class=\"elementor-widget-container\">\n\t\t\t\t\t\t\t<div class=\"elementor-tabs\">\n\t\t\t<div class=\"elementor-tabs-wrapper\" role=\"tablist\" >\n\t\t\t\t\t\t\t\t\t<div id=\"elementor-tab-title-9811\" class=\"elementor-tab-title elementor-tab-desktop-title\" aria-selected=\"true\" data-tab=\"1\" role=\"tab\" tabindex=\"0\" aria-controls=\"elementor-tab-content-9811\" aria-expanded=\"false\">Travertin<\/div>\n\t\t\t\t\t\t\t\t\t<div id=\"elementor-tab-title-9812\" class=\"elementor-tab-title elementor-tab-desktop-title\" aria-selected=\"false\" data-tab=\"2\" role=\"tab\" tabindex=\"-1\" aria-controls=\"elementor-tab-content-9812\" aria-expanded=\"false\">Propri\u00e9t\u00e9s et applications du travertin<\/div>\n\t\t\t\t\t\t\t\t\t<div id=\"elementor-tab-title-9813\" class=\"elementor-tab-title elementor-tab-desktop-title\" aria-selected=\"false\" data-tab=\"3\" role=\"tab\" tabindex=\"-1\" aria-controls=\"elementor-tab-content-9813\" aria-expanded=\"false\">La palette <\/div>\n\t\t\t\t\t\t\t\t\t<div id=\"elementor-tab-title-9814\" class=\"elementor-tab-title elementor-tab-desktop-title\" aria-selected=\"false\" data-tab=\"4\" role=\"tab\" tabindex=\"-1\" aria-controls=\"elementor-tab-content-9814\" aria-expanded=\"false\">En raison<\/div>\n\t\t\t\t\t\t\t<\/div>\n\t\t\t<div class=\"elementor-tabs-content-wrapper\" role=\"tablist\" aria-orientation=\"vertical\">\n\t\t\t\t\t\t\t\t\t<div class=\"elementor-tab-title elementor-tab-mobile-title\" aria-selected=\"true\" data-tab=\"1\" role=\"tab\" tabindex=\"0\" aria-controls=\"elementor-tab-content-9811\" aria-expanded=\"false\">Travertin<\/div>\n\t\t\t\t\t<div id=\"elementor-tab-content-9811\" class=\"elementor-tab-content elementor-clearfix\" data-tab=\"1\" role=\"tabpanel\" aria-labelledby=\"elementor-tab-title-9811\" tabindex=\"0\" hidden=\"false\"><p>Le travertin fait r\u00e9f\u00e9rence aux roches form\u00e9es \u00e0 partir du d\u00e9p\u00f4t de sources min\u00e9rales calcaires. Il ressemble au marbre, mais lui est inf\u00e9rieur en termes de r\u00e9sistance et de certaines autres caract\u00e9ristiques. Les gisements de travertin les plus \u00e9tendus se trouvent en \u00c9gypte, en Italie, en Russie et en Turquie.<\/p><\/div>\n\t\t\t\t\t\t\t\t\t<div class=\"elementor-tab-title elementor-tab-mobile-title\" aria-selected=\"false\" data-tab=\"2\" role=\"tab\" tabindex=\"-1\" aria-controls=\"elementor-tab-content-9812\" aria-expanded=\"false\">Propri\u00e9t\u00e9s et applications du travertin<\/div>\n\t\t\t\t\t<div id=\"elementor-tab-content-9812\" class=\"elementor-tab-content elementor-clearfix\" data-tab=\"2\" role=\"tabpanel\" aria-labelledby=\"elementor-tab-title-9812\" tabindex=\"0\" hidden=\"hidden\"><p style=\"text-align: left;\">Le travertin est souvent appel\u00e9 \u00ab jeune marbre \u00bb. Il a une structure \u00e0 grain moyen et peut changer de couleur et de densit\u00e9 dans l&rsquo;air : ses couleurs deviennent plus vives suite \u00e0 l&rsquo;oxydation des sels de fer, et sa densit\u00e9 et duret\u00e9 augmentent en raison de la conversion du bicarbonate de calcium en carbonate de calcium.<\/p><p style=\"text-align: left;\">Malgr\u00e9 la porosit\u00e9 et la haute perm\u00e9abilit\u00e9 \u00e0 l&rsquo;eau, les propri\u00e9t\u00e9s du travertin, telles que la r\u00e9sistance et la r\u00e9sistance au gel, lui permettent d&rsquo;\u00eatre utilis\u00e9 dans la d\u00e9coration int\u00e9rieure et ext\u00e9rieure des b\u00e2timents.<\/p><\/div>\n\t\t\t\t\t\t\t\t\t<div class=\"elementor-tab-title elementor-tab-mobile-title\" aria-selected=\"false\" data-tab=\"3\" role=\"tab\" tabindex=\"-1\" aria-controls=\"elementor-tab-content-9813\" aria-expanded=\"false\">La palette <\/div>\n\t\t\t\t\t<div id=\"elementor-tab-content-9813\" class=\"elementor-tab-content elementor-clearfix\" data-tab=\"3\" role=\"tabpanel\" aria-labelledby=\"elementor-tab-title-9813\" tabindex=\"0\" hidden=\"hidden\"><p style=\"text-align: left;\">de couleurs du travertin comprend toutes les couleurs \u2013 du blanc au brun fonc\u00e9 et au rouge. La pierre blanche est souvent utilis\u00e9e sans polissage. Les produits en travertin dans les tons beige et caf\u00e9 sont particuli\u00e8rement attrayants. Les versions rose et rouge de la pierre cr\u00e9eront un effet d\u00e9coratif original dans la d\u00e9coration int\u00e9rieure.<\/p><p style=\"text-align: left;\">Les carreaux de travertin naturel peuvent \u00eatre trait\u00e9s avec succ\u00e8s : polis, ponc\u00e9s, bross\u00e9s. Le brossage est le traitement de la pierre ancienne, effectu\u00e9 avec des brosses sp\u00e9ciales qui enl\u00e8vent la couche sup\u00e9rieure de la pierre naturelle.<\/p><\/div>\n\t\t\t\t\t\t\t\t\t<div class=\"elementor-tab-title elementor-tab-mobile-title\" aria-selected=\"false\" data-tab=\"4\" role=\"tab\" tabindex=\"-1\" aria-controls=\"elementor-tab-content-9814\" aria-expanded=\"false\">En raison<\/div>\n\t\t\t\t\t<div id=\"elementor-tab-content-9814\" class=\"elementor-tab-content elementor-clearfix\" data-tab=\"4\" role=\"tabpanel\" aria-labelledby=\"elementor-tab-title-9814\" tabindex=\"0\" hidden=\"hidden\"><p style=\"text-align: left;\">de sa durabilit\u00e9 et de sa r\u00e9sistance, le travertin de couleur fonc\u00e9e est utilis\u00e9 pour les rev\u00eatements de sol des pi\u00e8ces \u00e0 fort trafic, car sa r\u00e9sistance \u00e0 l&rsquo;usure n&rsquo;est m\u00eame pas inf\u00e9rieure \u00e0 celle du granit et du marbre.<\/p><p style=\"text-align: left;\">Vente de travertin en gros<br \/>Le travertin est l&rsquo;un des mat\u00e9riaux de finition naturels les plus populaires en raison de son prix abordable et de sa large gamme d&rsquo;applications dans la construction et l&rsquo;architecture.<\/p><p style=\"text-align: left;\">La soci\u00e9t\u00e9 Art Vision vend du travertin en gros et au d\u00e9tail et propose du travertin de haute qualit\u00e9 \u00e0 des conditions tr\u00e8s avantageuses.<\/p><\/div>\n\t\t\t\t\t\t\t<\/div>\n\t\t<\/div>\n\t\t\t\t\t\t<\/div>\n\t\t\t\t<\/div>\n\t\t\t\t\t<\/div>\n\t\t<\/div>\n\t\t\t\t\t<\/div>\n\t\t<\/section>\n\t\t\t\t<section class=\"elementor-section elementor-top-section elementor-element elementor-element-07063b4 elementor-section-boxed elementor-section-height-default elementor-section-height-default parallax_section_no qode_elementor_container_no\" data-id=\"07063b4\" data-element_type=\"section\" data-e-type=\"section\">\n\t\t\t\t\t\t<div class=\"elementor-container elementor-column-gap-default\">\n\t\t\t\t\t<div class=\"elementor-column elementor-col-100 elementor-top-column elementor-element elementor-element-7d09f36\" data-id=\"7d09f36\" data-element_type=\"column\" data-e-type=\"column\">\n\t\t\t<div class=\"elementor-widget-wrap elementor-element-populated\">\n\t\t\t\t\t\t<div class=\"elementor-element elementor-element-1b987cc elementor-widget elementor-widget-spacer\" data-id=\"1b987cc\" data-element_type=\"widget\" data-e-type=\"widget\" data-widget_type=\"spacer.default\">\n\t\t\t\t<div class=\"elementor-widget-container\">\n\t\t\t\t\t\t\t<div class=\"elementor-spacer\">\n\t\t\t<div class=\"elementor-spacer-inner\"><\/div>\n\t\t<\/div>\n\t\t\t\t\t\t<\/div>\n\t\t\t\t<\/div>\n\t\t\t\t<section class=\"elementor-section elementor-inner-section elementor-element elementor-element-7938823 elementor-section-boxed elementor-section-height-default elementor-section-height-default parallax_section_no qode_elementor_container_no\" data-id=\"7938823\" data-element_type=\"section\" data-e-type=\"section\">\n\t\t\t\t\t\t<div class=\"elementor-container elementor-column-gap-default\">\n\t\t\t\t\t<div class=\"elementor-column elementor-col-50 elementor-inner-column elementor-element elementor-element-46fbc44\" data-id=\"46fbc44\" data-element_type=\"column\" data-e-type=\"column\">\n\t\t\t<div class=\"elementor-widget-wrap elementor-element-populated\">\n\t\t\t\t\t\t<div class=\"elementor-element elementor-element-3077eed elementor-widget elementor-widget-image\" data-id=\"3077eed\" data-element_type=\"widget\" data-e-type=\"widget\" data-widget_type=\"image.default\">\n\t\t\t\t<div class=\"elementor-widget-container\">\n\t\t\t\t\t\t\t\t\t\t\t\t\t\t\t<img fetchpriority=\"high\" decoding=\"async\" width=\"480\" height=\"720\" src=\"https:\/\/artvision-marble.com\/wp-content\/uploads\/2023\/11\/Picture2-2.jpg\" class=\"attachment-large size-large wp-image-4407\" alt=\"\" srcset=\"https:\/\/artvision-marble.com\/wp-content\/uploads\/2023\/11\/Picture2-2.jpg 480w, https:\/\/artvision-marble.com\/wp-content\/uploads\/2023\/11\/Picture2-2-200x300.jpg 200w\" sizes=\"(max-width: 480px) 100vw, 480px\" \/>\t\t\t\t\t\t\t\t\t\t\t\t\t\t\t<\/div>\n\t\t\t\t<\/div>\n\t\t\t\t\t<\/div>\n\t\t<\/div>\n\t\t\t\t<div class=\"elementor-column elementor-col-50 elementor-inner-column elementor-element elementor-element-b331464\" data-id=\"b331464\" data-element_type=\"column\" data-e-type=\"column\">\n\t\t\t<div class=\"elementor-widget-wrap elementor-element-populated\">\n\t\t\t\t\t\t<div class=\"elementor-element elementor-element-5ac7107 elementor-widget elementor-widget-image\" data-id=\"5ac7107\" data-element_type=\"widget\" data-e-type=\"widget\" data-widget_type=\"image.default\">\n\t\t\t\t<div class=\"elementor-widget-container\">\n\t\t\t\t\t\t\t\t\t\t\t\t\t\t\t<img decoding=\"async\" width=\"480\" height=\"720\" src=\"https:\/\/artvision-marble.com\/wp-content\/uploads\/2023\/11\/Untitled-1.jpg\" class=\"attachment-large size-large wp-image-4831\" alt=\"\" srcset=\"https:\/\/artvision-marble.com\/wp-content\/uploads\/2023\/11\/Untitled-1.jpg 480w, https:\/\/artvision-marble.com\/wp-content\/uploads\/2023\/11\/Untitled-1-200x300.jpg 200w\" sizes=\"(max-width: 480px) 100vw, 480px\" \/>\t\t\t\t\t\t\t\t\t\t\t\t\t\t\t<\/div>\n\t\t\t\t<\/div>\n\t\t\t\t\t<\/div>\n\t\t<\/div>\n\t\t\t\t\t<\/div>\n\t\t<\/section>\n\t\t\t\t\t<\/div>\n\t\t<\/div>\n\t\t\t\t\t<\/div>\n\t\t<\/section>\n\t\t\t\t<section class=\"elementor-section elementor-top-section elementor-element elementor-element-63c41db elementor-section-boxed elementor-section-height-default elementor-section-height-default parallax_section_no qode_elementor_container_no\" data-id=\"63c41db\" data-element_type=\"section\" data-e-type=\"section\">\n\t\t\t\t\t\t<div class=\"elementor-container elementor-column-gap-default\">\n\t\t\t\t\t<div class=\"elementor-column elementor-col-100 elementor-top-column elementor-element elementor-element-bc55858\" data-id=\"bc55858\" data-element_type=\"column\" data-e-type=\"column\">\n\t\t\t<div class=\"elementor-widget-wrap elementor-element-populated\">\n\t\t\t\t\t\t<div class=\"elementor-element elementor-element-bd0310c elementor-widget elementor-widget-spacer\" data-id=\"bd0310c\" data-element_type=\"widget\" data-e-type=\"widget\" data-widget_type=\"spacer.default\">\n\t\t\t\t<div class=\"elementor-widget-container\">\n\t\t\t\t\t\t\t<div class=\"elementor-spacer\">\n\t\t\t<div class=\"elementor-spacer-inner\"><\/div>\n\t\t<\/div>\n\t\t\t\t\t\t<\/div>\n\t\t\t\t<\/div>\n\t\t\t\t<div class=\"elementor-element elementor-element-9d3086c gallery-spacing-custom zoomin elementor-widget elementor-widget-image-gallery\" data-id=\"9d3086c\" data-element_type=\"widget\" data-e-type=\"widget\" data-widget_type=\"image-gallery.default\">\n\t\t\t\t<div class=\"elementor-widget-container\">\n\t\t\t\t\t\t\t<div class=\"elementor-image-gallery\">\n\t\t\t\n\t\t<style type=\"text\/css\">\n\t\t\t#gallery-1 {\n\t\t\t\tmargin: auto;\n\t\t\t}\n\t\t\t#gallery-1 .gallery-item {\n\t\t\t\tfloat: left;\n\t\t\t\tmargin-top: 10px;\n\t\t\t\ttext-align: center;\n\t\t\t\twidth: 25%;\n\t\t\t}\n\t\t\t#gallery-1 img {\n\t\t\t\tborder: 2px solid #cfcfcf;\n\t\t\t}\n\t\t\t#gallery-1 .gallery-caption {\n\t\t\t\tmargin-left: 0;\n\t\t\t}\n\t\t\t\/* see gallery_shortcode() in wp-includes\/media.php *\/\n\t\t<\/style>\n\t\t<div id='gallery-1' class='gallery galleryid-5250 gallery-columns-4 gallery-size-woocommerce_thumbnail'><dl class='gallery-item'>\n\t\t\t<dt class='gallery-icon landscape'>\n\t\t\t\t<a data-elementor-open-lightbox=\"yes\" data-elementor-lightbox-slideshow=\"9d3086c\" data-elementor-lightbox-title=\"Art Vision_Travertine\" data-e-action-hash=\"#elementor-action%3Aaction%3Dlightbox%26settings%3DeyJpZCI6NDQyMywidXJsIjoiaHR0cHM6XC9cL2FydHZpc2lvbi1tYXJibGUuY29tXC93cC1jb250ZW50XC91cGxvYWRzXC8yMDIzXC8xMVwvUGljdHVyZTEwLTEucG5nIiwic2xpZGVzaG93IjoiOWQzMDg2YyJ9\" href='https:\/\/artvision-marble.com\/wp-content\/uploads\/2023\/11\/Picture10-1.png'><img decoding=\"async\" width=\"300\" height=\"300\" src=\"https:\/\/artvision-marble.com\/wp-content\/uploads\/2023\/11\/Picture10-1-300x300.png\" class=\"attachment-woocommerce_thumbnail size-woocommerce_thumbnail\" alt=\"\" srcset=\"https:\/\/artvision-marble.com\/wp-content\/uploads\/2023\/11\/Picture10-1-300x300.png 300w, https:\/\/artvision-marble.com\/wp-content\/uploads\/2023\/11\/Picture10-1-150x150.png 150w, https:\/\/artvision-marble.com\/wp-content\/uploads\/2023\/11\/Picture10-1-100x100.png 100w\" sizes=\"(max-width: 300px) 100vw, 300px\" \/><\/a>\n\t\t\t<\/dt><\/dl><dl class='gallery-item'>\n\t\t\t<dt class='gallery-icon landscape'>\n\t\t\t\t<a data-elementor-open-lightbox=\"yes\" data-elementor-lightbox-slideshow=\"9d3086c\" data-elementor-lightbox-title=\"Art Vision_Travertine\" data-e-action-hash=\"#elementor-action%3Aaction%3Dlightbox%26settings%3DeyJpZCI6NDQyMSwidXJsIjoiaHR0cHM6XC9cL2FydHZpc2lvbi1tYXJibGUuY29tXC93cC1jb250ZW50XC91cGxvYWRzXC8yMDIzXC8xMVwvUGljdHVyZTkucG5nIiwic2xpZGVzaG93IjoiOWQzMDg2YyJ9\" href='https:\/\/artvision-marble.com\/wp-content\/uploads\/2023\/11\/Picture9.png'><img loading=\"lazy\" decoding=\"async\" width=\"300\" height=\"300\" src=\"https:\/\/artvision-marble.com\/wp-content\/uploads\/2023\/11\/Picture9-300x300.png\" class=\"attachment-woocommerce_thumbnail size-woocommerce_thumbnail\" alt=\"\" srcset=\"https:\/\/artvision-marble.com\/wp-content\/uploads\/2023\/11\/Picture9-300x300.png 300w, https:\/\/artvision-marble.com\/wp-content\/uploads\/2023\/11\/Picture9-150x150.png 150w, https:\/\/artvision-marble.com\/wp-content\/uploads\/2023\/11\/Picture9-100x100.png 100w\" sizes=\"(max-width: 300px) 100vw, 300px\" \/><\/a>\n\t\t\t<\/dt><\/dl><dl class='gallery-item'>\n\t\t\t<dt class='gallery-icon portrait'>\n\t\t\t\t<a data-elementor-open-lightbox=\"yes\" data-elementor-lightbox-slideshow=\"9d3086c\" data-elementor-lightbox-title=\"Art Vision_Travertine\" data-e-action-hash=\"#elementor-action%3Aaction%3Dlightbox%26settings%3DeyJpZCI6NDQxOSwidXJsIjoiaHR0cHM6XC9cL2FydHZpc2lvbi1tYXJibGUuY29tXC93cC1jb250ZW50XC91cGxvYWRzXC8yMDIzXC8xMVwvUGljdHVyZTgucG5nIiwic2xpZGVzaG93IjoiOWQzMDg2YyJ9\" href='https:\/\/artvision-marble.com\/wp-content\/uploads\/2023\/11\/Picture8.png'><img loading=\"lazy\" decoding=\"async\" width=\"300\" height=\"300\" src=\"https:\/\/artvision-marble.com\/wp-content\/uploads\/2023\/11\/Picture8-300x300.png\" class=\"attachment-woocommerce_thumbnail size-woocommerce_thumbnail\" alt=\"\" srcset=\"https:\/\/artvision-marble.com\/wp-content\/uploads\/2023\/11\/Picture8-300x300.png 300w, https:\/\/artvision-marble.com\/wp-content\/uploads\/2023\/11\/Picture8-150x150.png 150w, https:\/\/artvision-marble.com\/wp-content\/uploads\/2023\/11\/Picture8-100x100.png 100w\" sizes=\"(max-width: 300px) 100vw, 300px\" \/><\/a>\n\t\t\t<\/dt><\/dl><dl class='gallery-item'>\n\t\t\t<dt class='gallery-icon portrait'>\n\t\t\t\t<a data-elementor-open-lightbox=\"yes\" data-elementor-lightbox-slideshow=\"9d3086c\" data-elementor-lightbox-title=\"Art Vision_Travertine\" data-e-action-hash=\"#elementor-action%3Aaction%3Dlightbox%26settings%3DeyJpZCI6NDQxNywidXJsIjoiaHR0cHM6XC9cL2FydHZpc2lvbi1tYXJibGUuY29tXC93cC1jb250ZW50XC91cGxvYWRzXC8yMDIzXC8xMVwvUGljdHVyZTctMS5wbmciLCJzbGlkZXNob3ciOiI5ZDMwODZjIn0%3D\" href='https:\/\/artvision-marble.com\/wp-content\/uploads\/2023\/11\/Picture7-1.png'><img loading=\"lazy\" decoding=\"async\" width=\"300\" height=\"300\" src=\"https:\/\/artvision-marble.com\/wp-content\/uploads\/2023\/11\/Picture7-1-300x300.png\" class=\"attachment-woocommerce_thumbnail size-woocommerce_thumbnail\" alt=\"\" srcset=\"https:\/\/artvision-marble.com\/wp-content\/uploads\/2023\/11\/Picture7-1-300x300.png 300w, https:\/\/artvision-marble.com\/wp-content\/uploads\/2023\/11\/Picture7-1-150x150.png 150w, https:\/\/artvision-marble.com\/wp-content\/uploads\/2023\/11\/Picture7-1-500x500.png 500w, https:\/\/artvision-marble.com\/wp-content\/uploads\/2023\/11\/Picture7-1-100x100.png 100w\" sizes=\"(max-width: 300px) 100vw, 300px\" \/><\/a>\n\t\t\t<\/dt><\/dl><br style=\"clear: both\" \/><dl class='gallery-item'>\n\t\t\t<dt class='gallery-icon portrait'>\n\t\t\t\t<a data-elementor-open-lightbox=\"yes\" data-elementor-lightbox-slideshow=\"9d3086c\" data-elementor-lightbox-title=\"Art Vision_Travertine\" data-e-action-hash=\"#elementor-action%3Aaction%3Dlightbox%26settings%3DeyJpZCI6NDQxNSwidXJsIjoiaHR0cHM6XC9cL2FydHZpc2lvbi1tYXJibGUuY29tXC93cC1jb250ZW50XC91cGxvYWRzXC8yMDIzXC8xMVwvUGljdHVyZTYtMS5wbmciLCJzbGlkZXNob3ciOiI5ZDMwODZjIn0%3D\" href='https:\/\/artvision-marble.com\/wp-content\/uploads\/2023\/11\/Picture6-1.png'><img loading=\"lazy\" decoding=\"async\" width=\"300\" height=\"300\" src=\"https:\/\/artvision-marble.com\/wp-content\/uploads\/2023\/11\/Picture6-1-300x300.png\" class=\"attachment-woocommerce_thumbnail size-woocommerce_thumbnail\" alt=\"\" srcset=\"https:\/\/artvision-marble.com\/wp-content\/uploads\/2023\/11\/Picture6-1-300x300.png 300w, https:\/\/artvision-marble.com\/wp-content\/uploads\/2023\/11\/Picture6-1-150x150.png 150w, https:\/\/artvision-marble.com\/wp-content\/uploads\/2023\/11\/Picture6-1-500x500.png 500w, https:\/\/artvision-marble.com\/wp-content\/uploads\/2023\/11\/Picture6-1-100x100.png 100w\" sizes=\"(max-width: 300px) 100vw, 300px\" \/><\/a>\n\t\t\t<\/dt><\/dl><dl class='gallery-item'>\n\t\t\t<dt class='gallery-icon landscape'>\n\t\t\t\t<a data-elementor-open-lightbox=\"yes\" data-elementor-lightbox-slideshow=\"9d3086c\" data-elementor-lightbox-title=\"Art Vision_Travertine\" data-e-action-hash=\"#elementor-action%3Aaction%3Dlightbox%26settings%3DeyJpZCI6NDQwNSwidXJsIjoiaHR0cHM6XC9cL2FydHZpc2lvbi1tYXJibGUuY29tXC93cC1jb250ZW50XC91cGxvYWRzXC8yMDIzXC8xMVwvUGljdHVyZTEtMi5wbmciLCJzbGlkZXNob3ciOiI5ZDMwODZjIn0%3D\" href='https:\/\/artvision-marble.com\/wp-content\/uploads\/2023\/11\/Picture1-2.png'><img loading=\"lazy\" decoding=\"async\" width=\"300\" height=\"300\" src=\"https:\/\/artvision-marble.com\/wp-content\/uploads\/2023\/11\/Picture1-2-300x300.png\" class=\"attachment-woocommerce_thumbnail size-woocommerce_thumbnail\" alt=\"\" srcset=\"https:\/\/artvision-marble.com\/wp-content\/uploads\/2023\/11\/Picture1-2-300x300.png 300w, https:\/\/artvision-marble.com\/wp-content\/uploads\/2023\/11\/Picture1-2-150x150.png 150w, https:\/\/artvision-marble.com\/wp-content\/uploads\/2023\/11\/Picture1-2-570x570.png 570w, https:\/\/artvision-marble.com\/wp-content\/uploads\/2023\/11\/Picture1-2-500x500.png 500w, https:\/\/artvision-marble.com\/wp-content\/uploads\/2023\/11\/Picture1-2-650x650.png 650w, https:\/\/artvision-marble.com\/wp-content\/uploads\/2023\/11\/Picture1-2-100x100.png 100w\" sizes=\"(max-width: 300px) 100vw, 300px\" \/><\/a>\n\t\t\t<\/dt><\/dl><dl class='gallery-item'>\n\t\t\t<dt class='gallery-icon portrait'>\n\t\t\t\t<a data-elementor-open-lightbox=\"yes\" data-elementor-lightbox-slideshow=\"9d3086c\" data-elementor-lightbox-title=\"Art Vision_Travertine\" data-e-action-hash=\"#elementor-action%3Aaction%3Dlightbox%26settings%3DeyJpZCI6NDQxMSwidXJsIjoiaHR0cHM6XC9cL2FydHZpc2lvbi1tYXJibGUuY29tXC93cC1jb250ZW50XC91cGxvYWRzXC8yMDIzXC8xMVwvUGljdHVyZTQtMS5wbmciLCJzbGlkZXNob3ciOiI5ZDMwODZjIn0%3D\" href='https:\/\/artvision-marble.com\/wp-content\/uploads\/2023\/11\/Picture4-1.png'><img loading=\"lazy\" decoding=\"async\" width=\"300\" height=\"300\" src=\"https:\/\/artvision-marble.com\/wp-content\/uploads\/2023\/11\/Picture4-1-300x300.png\" class=\"attachment-woocommerce_thumbnail size-woocommerce_thumbnail\" alt=\"\" srcset=\"https:\/\/artvision-marble.com\/wp-content\/uploads\/2023\/11\/Picture4-1-300x300.png 300w, https:\/\/artvision-marble.com\/wp-content\/uploads\/2023\/11\/Picture4-1-150x150.png 150w, https:\/\/artvision-marble.com\/wp-content\/uploads\/2023\/11\/Picture4-1-500x500.png 500w, https:\/\/artvision-marble.com\/wp-content\/uploads\/2023\/11\/Picture4-1-100x100.png 100w\" sizes=\"(max-width: 300px) 100vw, 300px\" \/><\/a>\n\t\t\t<\/dt><\/dl><dl class='gallery-item'>\n\t\t\t<dt class='gallery-icon portrait'>\n\t\t\t\t<a data-elementor-open-lightbox=\"yes\" data-elementor-lightbox-slideshow=\"9d3086c\" data-elementor-lightbox-title=\"Art Vision_Travertine\" data-e-action-hash=\"#elementor-action%3Aaction%3Dlightbox%26settings%3DeyJpZCI6NDQxMywidXJsIjoiaHR0cHM6XC9cL2FydHZpc2lvbi1tYXJibGUuY29tXC93cC1jb250ZW50XC91cGxvYWRzXC8yMDIzXC8xMVwvUGljdHVyZTUucG5nIiwic2xpZGVzaG93IjoiOWQzMDg2YyJ9\" href='https:\/\/artvision-marble.com\/wp-content\/uploads\/2023\/11\/Picture5.png'><img loading=\"lazy\" decoding=\"async\" width=\"300\" height=\"300\" src=\"https:\/\/artvision-marble.com\/wp-content\/uploads\/2023\/11\/Picture5-300x300.png\" class=\"attachment-woocommerce_thumbnail size-woocommerce_thumbnail\" alt=\"\" srcset=\"https:\/\/artvision-marble.com\/wp-content\/uploads\/2023\/11\/Picture5-300x300.png 300w, https:\/\/artvision-marble.com\/wp-content\/uploads\/2023\/11\/Picture5-150x150.png 150w, https:\/\/artvision-marble.com\/wp-content\/uploads\/2023\/11\/Picture5-500x500.png 500w, https:\/\/artvision-marble.com\/wp-content\/uploads\/2023\/11\/Picture5-100x100.png 100w\" sizes=\"(max-width: 300px) 100vw, 300px\" \/><\/a>\n\t\t\t<\/dt><\/dl><br style=\"clear: both\" \/>\n\t\t<\/div>\n\t\t<\/div>\n\t\t\t\t\t\t<\/div>\n\t\t\t\t<\/div>\n\t\t\t\t\t<\/div>\n\t\t<\/div>\n\t\t\t\t\t<\/div>\n\t\t<\/section>\n\t\t\t\t<\/div>\n\t\t","protected":false},"excerpt":{"rendered":"<p>Travertin Propri\u00e9t\u00e9s et applications du travertin La palette En raison Travertin Le travertin fait r\u00e9f\u00e9rence aux roches form\u00e9es \u00e0 partir du d\u00e9p\u00f4t de sources min\u00e9rales calcaires. Il ressemble au marbre, mais lui est inf\u00e9rieur en termes de r\u00e9sistance et de certaines autres caract\u00e9ristiques. Les gisements&#8230;<\/p>\n","protected":false},"author":1,"featured_media":0,"parent":0,"menu_order":0,"comment_status":"closed","ping_status":"closed","template":"","meta":{"footnotes":""},"class_list":["post-5250","page","type-page","status-publish","hentry"],"_links":{"self":[{"href":"https:\/\/artvision-marble.com\/fr\/wp-json\/wp\/v2\/pages\/5250","targetHints":{"allow":["GET"]}}],"collection":[{"href":"https:\/\/artvision-marble.com\/fr\/wp-json\/wp\/v2\/pages"}],"about":[{"href":"https:\/\/artvision-marble.com\/fr\/wp-json\/wp\/v2\/types\/page"}],"author":[{"embeddable":true,"href":"https:\/\/artvision-marble.com\/fr\/wp-json\/wp\/v2\/users\/1"}],"replies":[{"embeddable":true,"href":"https:\/\/artvision-marble.com\/fr\/wp-json\/wp\/v2\/comments?post=5250"}],"version-history":[{"count":0,"href":"https:\/\/artvision-marble.com\/fr\/wp-json\/wp\/v2\/pages\/5250\/revisions"}],"wp:attachment":[{"href":"https:\/\/artvision-marble.com\/fr\/wp-json\/wp\/v2\/media?parent=5250"}],"curies":[{"name":"wp","href":"https:\/\/api.w.org\/{rel}","templated":true}]}}