{"id":7544,"date":"2023-11-15T12:30:57","date_gmt":"2023-11-15T12:30:57","guid":{"rendered":"https:\/\/artvision-marble.com\/marbre\/"},"modified":"2024-02-01T14:13:24","modified_gmt":"2024-02-01T14:13:24","slug":"marbre","status":"publish","type":"page","link":"https:\/\/artvision-marble.com\/fr\/marbre\/","title":{"rendered":"Marbre"},"content":{"rendered":"\t\t<div data-elementor-type=\"wp-page\" data-elementor-id=\"7544\" class=\"elementor elementor-7544 elementor-4496\" data-elementor-post-type=\"page\">\n\t\t\t\t\t\t<section class=\"elementor-section elementor-top-section elementor-element elementor-element-4ee1331 elementor-section-boxed elementor-section-height-default elementor-section-height-default parallax_section_no qode_elementor_container_no\" data-id=\"4ee1331\" data-element_type=\"section\" data-e-type=\"section\">\n\t\t\t\t\t\t<div class=\"elementor-container elementor-column-gap-default\">\n\t\t\t\t\t<div class=\"elementor-column elementor-col-100 elementor-top-column elementor-element elementor-element-005a431\" data-id=\"005a431\" data-element_type=\"column\" data-e-type=\"column\">\n\t\t\t<div class=\"elementor-widget-wrap elementor-element-populated\">\n\t\t\t\t\t\t<div class=\"elementor-element elementor-element-e1f89f5 elementor-widget elementor-widget-toggle\" data-id=\"e1f89f5\" data-element_type=\"widget\" data-e-type=\"widget\" data-widget_type=\"toggle.default\">\n\t\t\t\t<div class=\"elementor-widget-container\">\n\t\t\t\t\t\t\t<div class=\"elementor-toggle\">\n\t\t\t\t\t\t\t<div class=\"elementor-toggle-item\">\n\t\t\t\t\t<div id=\"elementor-tab-title-2361\" class=\"elementor-tab-title\" data-tab=\"1\" role=\"button\" aria-controls=\"elementor-tab-content-2361\" aria-expanded=\"false\">\n\t\t\t\t\t\t\t\t\t\t\t\t<span class=\"elementor-toggle-icon elementor-toggle-icon-left\" aria-hidden=\"true\">\n\t\t\t\t\t\t\t\t\t\t\t\t\t\t\t<span class=\"elementor-toggle-icon-closed\"><i class=\"fas fa-caret-right\"><\/i><\/span>\n\t\t\t\t\t\t\t\t<span class=\"elementor-toggle-icon-opened\"><i class=\"elementor-toggle-icon-opened fas fa-caret-up\"><\/i><\/span>\n\t\t\t\t\t\t\t\t\t\t\t\t\t<\/span>\n\t\t\t\t\t\t\t\t\t\t\t\t<a class=\"elementor-toggle-title\" tabindex=\"0\">Le marbre<\/a>\n\t\t\t\t\t<\/div>\n\n\t\t\t\t\t<div id=\"elementor-tab-content-2361\" class=\"elementor-tab-content elementor-clearfix\" data-tab=\"1\" role=\"region\" aria-labelledby=\"elementor-tab-title-2361\"><p style=\"text-align: left;\">est une roche m\u00e9tamorphique constitu\u00e9e principalement de calcite, de dolomite et de compos\u00e9s organiques. La composition des impuret\u00e9s et leur quantit\u00e9 forment une palette vari\u00e9e de couleurs, de veines, de taches et un motif unique de la pierre. Fait int\u00e9ressant, le motif du marbre change en fonction de la direction de la coupe.<\/p><p style=\"text-align: left;\">La soci\u00e9t\u00e9 Art Vision propose d&rsquo;acheter du marbre en gros en Egypte \u00e0 des conditions avantageuses avec livraison dans n&rsquo;importe quelle r\u00e9gion du monde.<\/p><\/div>\n\t\t\t\t<\/div>\n\t\t\t\t\t\t\t<div class=\"elementor-toggle-item\">\n\t\t\t\t\t<div id=\"elementor-tab-title-2362\" class=\"elementor-tab-title\" data-tab=\"2\" role=\"button\" aria-controls=\"elementor-tab-content-2362\" aria-expanded=\"false\">\n\t\t\t\t\t\t\t\t\t\t\t\t<span class=\"elementor-toggle-icon elementor-toggle-icon-left\" aria-hidden=\"true\">\n\t\t\t\t\t\t\t\t\t\t\t\t\t\t\t<span class=\"elementor-toggle-icon-closed\"><i class=\"fas fa-caret-right\"><\/i><\/span>\n\t\t\t\t\t\t\t\t<span class=\"elementor-toggle-icon-opened\"><i class=\"elementor-toggle-icon-opened fas fa-caret-up\"><\/i><\/span>\n\t\t\t\t\t\t\t\t\t\t\t\t\t<\/span>\n\t\t\t\t\t\t\t\t\t\t\t\t<a class=\"elementor-toggle-title\" tabindex=\"0\">Propri\u00e9t\u00e9s du marbre et son application<\/a>\n\t\t\t\t\t<\/div>\n\n\t\t\t\t\t<div id=\"elementor-tab-content-2362\" class=\"elementor-tab-content elementor-clearfix\" data-tab=\"2\" role=\"region\" aria-labelledby=\"elementor-tab-title-2362\"><p style=\"text-align: left;\">Le marbre est un mat\u00e9riau de finition durable et solide, r\u00e9sistant aux changements de temp\u00e9rature et n&rsquo;absorbe pas l&rsquo;humidit\u00e9. Mais son principal avantage r\u00e9side dans son attrait esth\u00e9tique. M\u00eame dans les temps anciens, le marbre \u00e9tait utilis\u00e9 pour d\u00e9corer les luxueux palais et chambres des empereurs romains.<\/p><p style=\"text-align: left;\">Le marbre est exceptionnellement attrayant sous sa forme brute, mais sa texture et la magnificence de ses nuances se r\u00e9v\u00e8lent pleinement apr\u00e8s polissage. Les carreaux de marbre naturel poli, refl\u00e9tant les rayons du soleil, prennent un aspect diff\u00e9rent et un motif lumineux.<\/p><\/div>\n\t\t\t\t<\/div>\n\t\t\t\t\t\t\t<div class=\"elementor-toggle-item\">\n\t\t\t\t\t<div id=\"elementor-tab-title-2363\" class=\"elementor-tab-title\" data-tab=\"3\" role=\"button\" aria-controls=\"elementor-tab-content-2363\" aria-expanded=\"false\">\n\t\t\t\t\t\t\t\t\t\t\t\t<span class=\"elementor-toggle-icon elementor-toggle-icon-left\" aria-hidden=\"true\">\n\t\t\t\t\t\t\t\t\t\t\t\t\t\t\t<span class=\"elementor-toggle-icon-closed\"><i class=\"fas fa-caret-right\"><\/i><\/span>\n\t\t\t\t\t\t\t\t<span class=\"elementor-toggle-icon-opened\"><i class=\"elementor-toggle-icon-opened fas fa-caret-up\"><\/i><\/span>\n\t\t\t\t\t\t\t\t\t\t\t\t\t<\/span>\n\t\t\t\t\t\t\t\t\t\t\t\t<a class=\"elementor-toggle-title\" tabindex=\"0\">Il existe trois types de marbre dans la nature :<\/a>\n\t\t\t\t\t<\/div>\n\n\t\t\t\t\t<div id=\"elementor-tab-content-2363\" class=\"elementor-tab-content elementor-clearfix\" data-tab=\"3\" role=\"region\" aria-labelledby=\"elementor-tab-title-2363\"><p style=\"text-align: left;\">le blanc, le gris et le color\u00e9. La diff\u00e9rence ne r\u00e9side pas seulement dans la couleur, mais aussi dans les caract\u00e9ristiques de qualit\u00e9 du mat\u00e9riau, qui d\u00e9terminent son utilisation.<\/p><\/div>\n\t\t\t\t<\/div>\n\t\t\t\t\t\t\t<div class=\"elementor-toggle-item\">\n\t\t\t\t\t<div id=\"elementor-tab-title-2364\" class=\"elementor-tab-title\" data-tab=\"4\" role=\"button\" aria-controls=\"elementor-tab-content-2364\" aria-expanded=\"false\">\n\t\t\t\t\t\t\t\t\t\t\t\t<span class=\"elementor-toggle-icon elementor-toggle-icon-left\" aria-hidden=\"true\">\n\t\t\t\t\t\t\t\t\t\t\t\t\t\t\t<span class=\"elementor-toggle-icon-closed\"><i class=\"fas fa-caret-right\"><\/i><\/span>\n\t\t\t\t\t\t\t\t<span class=\"elementor-toggle-icon-opened\"><i class=\"elementor-toggle-icon-opened fas fa-caret-up\"><\/i><\/span>\n\t\t\t\t\t\t\t\t\t\t\t\t\t<\/span>\n\t\t\t\t\t\t\t\t\t\t\t\t<a class=\"elementor-toggle-title\" tabindex=\"0\">Le marbre<\/a>\n\t\t\t\t\t<\/div>\n\n\t\t\t\t\t<div id=\"elementor-tab-content-2364\" class=\"elementor-tab-content elementor-clearfix\" data-tab=\"4\" role=\"region\" aria-labelledby=\"elementor-tab-title-2364\"><p style=\"text-align: left;\">blanc est presque exempt d&rsquo;impuret\u00e9s, a une structure uniforme, se caract\u00e9rise par sa plasticit\u00e9, sa r\u00e9sistance, sa facilit\u00e9 de traitement, sa r\u00e9sistance aux fluctuations de temp\u00e9rature et aux contraintes m\u00e9caniques. Cependant, il est g\u00e9n\u00e9ralement utilis\u00e9 \u00e0 l&rsquo;int\u00e9rieur, car lorsqu&rsquo;il est utilis\u00e9 \u00e0 l&rsquo;ext\u00e9rieur, il r\u00e9agit \u00e0 l&rsquo;exposition aux pr\u00e9cipitations : il jaunit, devient trouble et a tendance \u00e0 se tacher.<\/p><p style=\"text-align: left;\">Le marbre gris est relativement r\u00e9sistant aux pr\u00e9cipitations et est tout aussi facile \u00e0 traiter que le marbre blanc. Il est aussi tr\u00e8s beau. Son design ressemble \u00e0 des nuages \u200b\u200bporeux volants. Faire face \u00e0 la fa\u00e7ade en marbre gris donnera au b\u00e2timent un aspect riche.<\/p><\/div>\n\t\t\t\t<\/div>\n\t\t\t\t\t\t\t<div class=\"elementor-toggle-item\">\n\t\t\t\t\t<div id=\"elementor-tab-title-2365\" class=\"elementor-tab-title\" data-tab=\"5\" role=\"button\" aria-controls=\"elementor-tab-content-2365\" aria-expanded=\"false\">\n\t\t\t\t\t\t\t\t\t\t\t\t<span class=\"elementor-toggle-icon elementor-toggle-icon-left\" aria-hidden=\"true\">\n\t\t\t\t\t\t\t\t\t\t\t\t\t\t\t<span class=\"elementor-toggle-icon-closed\"><i class=\"fas fa-caret-right\"><\/i><\/span>\n\t\t\t\t\t\t\t\t<span class=\"elementor-toggle-icon-opened\"><i class=\"elementor-toggle-icon-opened fas fa-caret-up\"><\/i><\/span>\n\t\t\t\t\t\t\t\t\t\t\t\t\t<\/span>\n\t\t\t\t\t\t\t\t\t\t\t\t<a class=\"elementor-toggle-title\" tabindex=\"0\">Le marbre<\/a>\n\t\t\t\t\t<\/div>\n\n\t\t\t\t\t<div id=\"elementor-tab-content-2365\" class=\"elementor-tab-content elementor-clearfix\" data-tab=\"5\" role=\"region\" aria-labelledby=\"elementor-tab-title-2365\"><p style=\"text-align: left;\">color\u00e9 contient une quantit\u00e9 inimaginable d\u2019impuret\u00e9s ; ils forment sa couleur et son motif. La gamme de couleurs est tr\u00e8s diversifi\u00e9e : du rose et du bleu au vert fonc\u00e9 et au noir. Le marbre color\u00e9 est suffisamment r\u00e9sistant aux irritants ext\u00e9rieurs ; il peut \u00eatre utilis\u00e9 pour tout type de travaux de finition.<\/p><\/div>\n\t\t\t\t<\/div>\n\t\t\t\t\t\t\t<div class=\"elementor-toggle-item\">\n\t\t\t\t\t<div id=\"elementor-tab-title-2366\" class=\"elementor-tab-title\" data-tab=\"6\" role=\"button\" aria-controls=\"elementor-tab-content-2366\" aria-expanded=\"false\">\n\t\t\t\t\t\t\t\t\t\t\t\t<span class=\"elementor-toggle-icon elementor-toggle-icon-left\" aria-hidden=\"true\">\n\t\t\t\t\t\t\t\t\t\t\t\t\t\t\t<span class=\"elementor-toggle-icon-closed\"><i class=\"fas fa-caret-right\"><\/i><\/span>\n\t\t\t\t\t\t\t\t<span class=\"elementor-toggle-icon-opened\"><i class=\"elementor-toggle-icon-opened fas fa-caret-up\"><\/i><\/span>\n\t\t\t\t\t\t\t\t\t\t\t\t\t<\/span>\n\t\t\t\t\t\t\t\t\t\t\t\t<a class=\"elementor-toggle-title\" tabindex=\"0\">Vente en gros de marbre<\/a>\n\t\t\t\t\t<\/div>\n\n\t\t\t\t\t<div id=\"elementor-tab-content-2366\" class=\"elementor-tab-content elementor-clearfix\" data-tab=\"6\" role=\"region\" aria-labelledby=\"elementor-tab-title-2366\"><p style=\"text-align: left;\">Le marbre est un excellent mat\u00e9riau de finition. En plus du rev\u00eatement ext\u00e9rieur et int\u00e9rieur, le marbre est utilis\u00e9 dans l&rsquo;am\u00e9nagement paysager, la construction et l&rsquo;architecture, l&rsquo;\u00e9lectrotechnique et l&rsquo;agriculture.<\/p><p style=\"text-align: left;\">La soci\u00e9t\u00e9 Art Vision vend du marbre en gros depuis 2002 et propose du marbre de haute qualit\u00e9.<\/p><\/div>\n\t\t\t\t<\/div>\n\t\t\t\t\t\t\t\t<\/div>\n\t\t\t\t\t\t<\/div>\n\t\t\t\t<\/div>\n\t\t\t\t\t<\/div>\n\t\t<\/div>\n\t\t\t\t\t<\/div>\n\t\t<\/section>\n\t\t\t\t<section class=\"elementor-section elementor-top-section elementor-element elementor-element-40e23f3 elementor-section-full_width qode_elementor_container_inner elementor-section-height-default elementor-section-height-default parallax_section_no\" data-id=\"40e23f3\" data-element_type=\"section\" data-e-type=\"section\">\n\t\t\t\t\t\t<div class=\"elementor-container elementor-column-gap-default\">\n\t\t\t\t\t<div class=\"elementor-column elementor-col-100 elementor-top-column elementor-element elementor-element-25280b9\" data-id=\"25280b9\" data-element_type=\"column\" data-e-type=\"column\">\n\t\t\t<div class=\"elementor-widget-wrap elementor-element-populated\">\n\t\t\t\t\t\t<div class=\"elementor-element elementor-element-85a8e3c elementor-widget elementor-widget-text-editor\" data-id=\"85a8e3c\" data-element_type=\"widget\" data-e-type=\"widget\" data-widget_type=\"text-editor.default\">\n\t\t\t\t<div class=\"elementor-widget-container\">\n\t\t\t\t\t\t\t\t\t<h2><strong>CAT\u00c9GORIE <span style=\"color: #333300;\">DEMARBRE<\/span><\/strong><\/h2>\n\t\t\t\t\t\t\t\t<\/div>\n\t\t\t\t<\/div>\n\t\t\t\t<div class=\"elementor-element elementor-element-9ccdcc7 elementor-widget__width-auto elementor-widget elementor-widget-qi_addons_for_elementor_separator\" data-id=\"9ccdcc7\" data-element_type=\"widget\" data-e-type=\"widget\" data-widget_type=\"qi_addons_for_elementor_separator.default\">\n\t\t\t\t<div class=\"elementor-widget-container\">\n\t\t\t\t\t<div class=\"qodef-shortcode qodef-m qodef-qi-separator qodef-qi-clear qodef-separator--standard\">\n\t<div class=\"qodef-m-line\"><\/div>\n<\/div>\n\t\t\t\t<\/div>\n\t\t\t\t<\/div>\n\t\t\t\t<section class=\"elementor-section elementor-inner-section elementor-element elementor-element-1303801 elementor-section-full_width zoomin elementor-section-height-default elementor-section-height-default parallax_section_no qode_elementor_container_no\" data-id=\"1303801\" data-element_type=\"section\" data-e-type=\"section\">\n\t\t\t\t\t\t<div class=\"elementor-container elementor-column-gap-default\">\n\t\t\t\t\t<div class=\"elementor-column elementor-col-50 elementor-inner-column elementor-element elementor-element-015a8f1\" data-id=\"015a8f1\" data-element_type=\"column\" data-e-type=\"column\">\n\t\t\t<div class=\"elementor-widget-wrap elementor-element-populated\">\n\t\t\t\t\t\t<div class=\"elementor-element elementor-element-82e9392 zoomin elementor-widget elementor-widget-qi_addons_for_elementor_image_gallery\" data-id=\"82e9392\" data-element_type=\"widget\" data-e-type=\"widget\" data-widget_type=\"qi_addons_for_elementor_image_gallery.default\">\n\t\t\t\t<div class=\"elementor-widget-container\">\n\t\t\t\t\t<div class=\"qodef-shortcode qodef-m qodef-qi-image-gallery qodef-image--hover-zoom qodef-qi-grid qodef-layout--qi-columns qodef-col-num--1 qodef-responsive--predefined\">\n\t<div class=\"qodef-grid-inner\">\n\t\t<div class=\"qodef-e qodef-image-wrapper qodef-grid-item\">\n\t<div class=\"qodef-e-inner\">\n\t\t\t\t\t<a itemprop=\"url\" href=\"https:\/\/artvision-marble.com\/sinai-pearl-light\/\" target=\"_self\">\n\t\t\t\t\t<img decoding=\"async\" src=\"https:\/\/artvision-marble.com\/wp-content\/uploads\/2023\/11\/S-I-N-A-I-P-E-A-R-L-L-I-G-H-T-200x200.png\" alt=\"\" width=\"200\" height=\"200\" \/>\t\t\t\t\t<\/a>\n\t\t\t<\/div>\n<\/div>\n\t<\/div>\n<\/div>\n\t\t\t\t<\/div>\n\t\t\t\t<\/div>\n\t\t\t\t<div class=\"elementor-element elementor-element-994fda3 elementor-widget elementor-widget-qi_addons_for_elementor_section_title\" data-id=\"994fda3\" data-element_type=\"widget\" data-e-type=\"widget\" data-widget_type=\"qi_addons_for_elementor_section_title.default\">\n\t\t\t\t<div class=\"elementor-widget-container\">\n\t\t\t\t\t<div class=\"qodef-shortcode qodef-m qodef-qi-section-title qodef-decoration--italic qodef-link--underline-draw qodef-subtitle-icon--left\">\n\t\t\t\t\t\t<h3 class=\"qodef-m-title\">\n\t\tLumi\u00e8re de perle du Sina\u00ef\t<\/h3>\n\t\t\t<\/div>\n\t\t\t\t<\/div>\n\t\t\t\t<\/div>\n\t\t\t\t\t<\/div>\n\t\t<\/div>\n\t\t\t\t<div class=\"elementor-column elementor-col-50 elementor-inner-column elementor-element elementor-element-85e3ff3\" data-id=\"85e3ff3\" data-element_type=\"column\" data-e-type=\"column\">\n\t\t\t<div class=\"elementor-widget-wrap elementor-element-populated\">\n\t\t\t\t\t\t<div class=\"elementor-element elementor-element-856f373 zoomin elementor-widget elementor-widget-qi_addons_for_elementor_image_gallery\" data-id=\"856f373\" data-element_type=\"widget\" data-e-type=\"widget\" data-widget_type=\"qi_addons_for_elementor_image_gallery.default\">\n\t\t\t\t<div class=\"elementor-widget-container\">\n\t\t\t\t\t<div class=\"qodef-shortcode qodef-m qodef-qi-image-gallery qodef-image--hover-zoom qodef-qi-grid qodef-layout--qi-columns qodef-col-num--1 qodef-responsive--predefined\">\n\t<div class=\"qodef-grid-inner\">\n\t\t<div class=\"qodef-e qodef-image-wrapper qodef-grid-item\">\n\t<div class=\"qodef-e-inner\">\n\t\t\t\t\t<a itemprop=\"url\" href=\"https:\/\/artvision-marble.com\/sinai-pearl-dark\/\" target=\"_self\">\n\t\t\t\t\t<img decoding=\"async\" src=\"https:\/\/artvision-marble.com\/wp-content\/uploads\/2023\/11\/S-I-N-A-I-p-e-a-r-l-d-a-r-k-200x200.png\" alt=\"\" width=\"200\" height=\"200\" \/>\t\t\t\t\t<\/a>\n\t\t\t<\/div>\n<\/div>\n\t<\/div>\n<\/div>\n\t\t\t\t<\/div>\n\t\t\t\t<\/div>\n\t\t\t\t<div class=\"elementor-element elementor-element-8986f91 elementor-widget elementor-widget-qi_addons_for_elementor_section_title\" data-id=\"8986f91\" data-element_type=\"widget\" data-e-type=\"widget\" data-widget_type=\"qi_addons_for_elementor_section_title.default\">\n\t\t\t\t<div class=\"elementor-widget-container\">\n\t\t\t\t\t<div class=\"qodef-shortcode qodef-m qodef-qi-section-title qodef-decoration--italic qodef-link--underline-draw qodef-subtitle-icon--left\">\n\t\t\t\t\t\t<h3 class=\"qodef-m-title\">\n\t\tPerle du Sina\u00ef Sombre\t<\/h3>\n\t\t\t<\/div>\n\t\t\t\t<\/div>\n\t\t\t\t<\/div>\n\t\t\t\t\t<\/div>\n\t\t<\/div>\n\t\t\t\t\t<\/div>\n\t\t<\/section>\n\t\t\t\t\t<\/div>\n\t\t<\/div>\n\t\t\t\t\t<\/div>\n\t\t<\/section>\n\t\t\t\t<section class=\"elementor-section elementor-top-section elementor-element elementor-element-209c523 elementor-section-boxed elementor-section-height-default elementor-section-height-default parallax_section_no qode_elementor_container_no\" data-id=\"209c523\" data-element_type=\"section\" data-e-type=\"section\">\n\t\t\t\t\t\t<div class=\"elementor-container elementor-column-gap-default\">\n\t\t\t\t\t<div class=\"elementor-column elementor-col-100 elementor-top-column elementor-element elementor-element-983bcef\" data-id=\"983bcef\" data-element_type=\"column\" data-e-type=\"column\">\n\t\t\t<div class=\"elementor-widget-wrap elementor-element-populated\">\n\t\t\t\t\t\t<div class=\"elementor-element elementor-element-46e4a9f elementor-grid-2 elementor-grid-tablet-3 elementor-grid-mobile-1 pp-woo--align-left pp-sale-badge-custom pp-woo-pagination-align-center elementor-widget elementor-widget-pp-woo-products\" data-id=\"46e4a9f\" data-element_type=\"widget\" data-e-type=\"widget\" data-settings=\"{&quot;products_columns&quot;:&quot;2&quot;,&quot;products_columns_tablet&quot;:&quot;3&quot;,&quot;products_columns_mobile&quot;:&quot;1&quot;}\" data-widget_type=\"pp-woo-products.skin-1\">\n\t\t\t\t<div class=\"elementor-widget-container\">\n\t\t\t\t\t<div class=\"pp-woocommerce pp-woo-products-grid pp-woo-skin-skin-1 pp-woo-query-manual\" data-page=\"7544\" data-skin=\"skin-1\" data-product-id=\"0\"><div class=\" columns-2 pp-woo-products-inner pp-woo-product__column-2 pp-woo-product__column-tablet-3 pp-woo-product__column-mobile-1\"><ul class=\"products elementor-grid columns-2\">\n<li class=\"elementor-grid-item post-6060 product type-product status-publish has-post-thumbnail product_cat-milly-grey-fr last instock shipping-taxable product-type-simple\">\r\n\t<div class=\"pp-woo-product-wrapper\">\r\n\t\t<div class=\"pp-woo-products-thumbnail-wrap\"><div class=\"pp-badge-container pp-left-badge-container\"><\/div><a href=\"https:\/\/artvision-marble.com\/fr\/produit\/art-vision-_-marble-milly-grey\/\" class=\"woocommerce-LoopProduct-link woocommerce-loop-product__link\"><img fetchpriority=\"high\" decoding=\"async\" width=\"300\" height=\"300\" src=\"https:\/\/artvision-marble.com\/wp-content\/uploads\/2023\/11\/M-I-L-L-I-G-R-E-Y-300x300.png\" class=\"attachment-woocommerce_thumbnail size-woocommerce_thumbnail\" alt=\"Art Vision _ Marble Milly Grey\" srcset=\"https:\/\/artvision-marble.com\/wp-content\/uploads\/2023\/11\/M-I-L-L-I-G-R-E-Y-300x300.png 300w, https:\/\/artvision-marble.com\/wp-content\/uploads\/2023\/11\/M-I-L-L-I-G-R-E-Y-150x150.png 150w, https:\/\/artvision-marble.com\/wp-content\/uploads\/2023\/11\/M-I-L-L-I-G-R-E-Y-570x570.png 570w, https:\/\/artvision-marble.com\/wp-content\/uploads\/2023\/11\/M-I-L-L-I-G-R-E-Y-500x500.png 500w, https:\/\/artvision-marble.com\/wp-content\/uploads\/2023\/11\/M-I-L-L-I-G-R-E-Y-650x650.png 650w, https:\/\/artvision-marble.com\/wp-content\/uploads\/2023\/11\/M-I-L-L-I-G-R-E-Y-100x100.png 100w\" sizes=\"(max-width: 300px) 100vw, 300px\" \/><\/a><\/div><div class=\"pp-woo-products-summary-wrap\">\t\t\t<span class=\"pp-woo-product-category\">\n\t\t\t\tMilly Grey\t\t\t<\/span> \n\t\t\t<a href=\"https:\/\/artvision-marble.com\/fr\/produit\/art-vision-_-marble-milly-grey\/\" class=\"pp-loop-product__link\"><h2 class=\"woocommerce-loop-product__title\">Art Vision _ Marble Milly Grey<\/h2><\/a><span class=\"add-to-cart-button-outer\"><span class=\"add-to-cart-button-inner\"><a href=\"https:\/\/artvision-marble.com\/fr\/produit\/art-vision-_-marble-milly-grey\/\" data-quantity=\"1\" class=\"button product_type_simple qbutton add-to-cart-button\" data-product_id=\"6060\" data-product_sku=\"\" aria-label=\"En savoir plus sur &ldquo;Art Vision _ Marble Milly Grey&rdquo;\" rel=\"nofollow\" data-success_message=\"\">Lire la suite<\/a><\/span><\/span><\/div>\t<\/div>\r\n<\/li>\r\n<li class=\"elementor-grid-item post-6062 product type-product status-publish has-post-thumbnail product_cat-sinai-pearl-polished-slabs-fr last instock shipping-taxable product-type-simple\">\r\n\t<div class=\"pp-woo-product-wrapper\">\r\n\t\t<div class=\"pp-woo-products-thumbnail-wrap\"><div class=\"pp-badge-container pp-left-badge-container\"><\/div><a href=\"https:\/\/artvision-marble.com\/fr\/produit\/art-vision-_-marble-sinai-pearl-polished-slabs\/\" class=\"woocommerce-LoopProduct-link woocommerce-loop-product__link\"><img loading=\"lazy\" decoding=\"async\" width=\"300\" height=\"300\" src=\"https:\/\/artvision-marble.com\/wp-content\/uploads\/2023\/11\/Sinai-Pearl-polished-slabs-300x300.png\" class=\"attachment-woocommerce_thumbnail size-woocommerce_thumbnail\" alt=\"Art Vision _ Marble Sinai Pearl Polished Slabs\" srcset=\"https:\/\/artvision-marble.com\/wp-content\/uploads\/2023\/11\/Sinai-Pearl-polished-slabs-300x300.png 300w, https:\/\/artvision-marble.com\/wp-content\/uploads\/2023\/11\/Sinai-Pearl-polished-slabs-150x150.png 150w, https:\/\/artvision-marble.com\/wp-content\/uploads\/2023\/11\/Sinai-Pearl-polished-slabs-570x570.png 570w, https:\/\/artvision-marble.com\/wp-content\/uploads\/2023\/11\/Sinai-Pearl-polished-slabs-500x500.png 500w, https:\/\/artvision-marble.com\/wp-content\/uploads\/2023\/11\/Sinai-Pearl-polished-slabs-650x650.png 650w, https:\/\/artvision-marble.com\/wp-content\/uploads\/2023\/11\/Sinai-Pearl-polished-slabs-100x100.png 100w\" sizes=\"(max-width: 300px) 100vw, 300px\" \/><\/a><\/div><div class=\"pp-woo-products-summary-wrap\">\t\t\t<span class=\"pp-woo-product-category\">\n\t\t\t\tSinai Pearl Polished Slabs\t\t\t<\/span> \n\t\t\t<a href=\"https:\/\/artvision-marble.com\/fr\/produit\/art-vision-_-marble-sinai-pearl-polished-slabs\/\" class=\"pp-loop-product__link\"><h2 class=\"woocommerce-loop-product__title\">Art Vision _ Marble Sinai Pearl Polished Slabs<\/h2><\/a><span class=\"add-to-cart-button-outer\"><span class=\"add-to-cart-button-inner\"><a href=\"https:\/\/artvision-marble.com\/fr\/produit\/art-vision-_-marble-sinai-pearl-polished-slabs\/\" data-quantity=\"1\" class=\"button product_type_simple qbutton add-to-cart-button\" data-product_id=\"6062\" data-product_sku=\"\" aria-label=\"En savoir plus sur &ldquo;Art Vision _ Marble Sinai Pearl Polished Slabs&rdquo;\" rel=\"nofollow\" data-success_message=\"\">Lire la suite<\/a><\/span><\/span><\/div>\t<\/div>\r\n<\/li>\r\n<\/ul>\n<\/div><\/div>\t\t\t\t<\/div>\n\t\t\t\t<\/div>\n\t\t\t\t\t<\/div>\n\t\t<\/div>\n\t\t\t\t\t<\/div>\n\t\t<\/section>\n\t\t\t\t<\/div>\n\t\t","protected":false},"excerpt":{"rendered":"<p>Le marbre est une roche m\u00e9tamorphique constitu\u00e9e principalement de calcite, de dolomite et de compos\u00e9s organiques. La composition des impuret\u00e9s et leur quantit\u00e9 forment une palette vari\u00e9e de couleurs, de veines, de taches et un motif unique de la pierre. Fait int\u00e9ressant, le motif du&#8230;<\/p>\n","protected":false},"author":1,"featured_media":0,"parent":0,"menu_order":0,"comment_status":"closed","ping_status":"closed","template":"","meta":{"footnotes":""},"class_list":["post-7544","page","type-page","status-publish","hentry"],"_links":{"self":[{"href":"https:\/\/artvision-marble.com\/fr\/wp-json\/wp\/v2\/pages\/7544","targetHints":{"allow":["GET"]}}],"collection":[{"href":"https:\/\/artvision-marble.com\/fr\/wp-json\/wp\/v2\/pages"}],"about":[{"href":"https:\/\/artvision-marble.com\/fr\/wp-json\/wp\/v2\/types\/page"}],"author":[{"embeddable":true,"href":"https:\/\/artvision-marble.com\/fr\/wp-json\/wp\/v2\/users\/1"}],"replies":[{"embeddable":true,"href":"https:\/\/artvision-marble.com\/fr\/wp-json\/wp\/v2\/comments?post=7544"}],"version-history":[{"count":0,"href":"https:\/\/artvision-marble.com\/fr\/wp-json\/wp\/v2\/pages\/7544\/revisions"}],"wp:attachment":[{"href":"https:\/\/artvision-marble.com\/fr\/wp-json\/wp\/v2\/media?parent=7544"}],"curies":[{"name":"wp","href":"https:\/\/api.w.org\/{rel}","templated":true}]}}