{"id":5042,"date":"2021-07-07T13:20:49","date_gmt":"2021-07-07T13:20:49","guid":{"rendered":"https:\/\/artvision-marble.com\/circa-la-societa\/"},"modified":"2023-11-28T11:49:11","modified_gmt":"2023-11-28T11:49:11","slug":"circa-la-societa","status":"publish","type":"page","link":"https:\/\/artvision-marble.com\/it\/circa-la-societa\/","title":{"rendered":"Circa la societ\u00e0"},"content":{"rendered":"\t\t<div data-elementor-type=\"wp-page\" data-elementor-id=\"5042\" class=\"elementor elementor-5042 elementor-293\" data-elementor-post-type=\"page\">\n\t\t\t\t\t\t<section class=\"elementor-section elementor-top-section elementor-element elementor-element-cc1cd47 elementor-section-full_width qode_elementor_container_inner elementor-section-height-default elementor-section-height-default parallax_section_no\" data-id=\"cc1cd47\" data-element_type=\"section\" data-e-type=\"section\">\n\t\t\t\t\t\t<div class=\"elementor-container elementor-column-gap-default\">\n\t\t\t\t\t<div class=\"elementor-column elementor-col-50 elementor-top-column elementor-element elementor-element-2f50253\" data-id=\"2f50253\" data-element_type=\"column\" data-e-type=\"column\">\n\t\t\t<div class=\"elementor-widget-wrap elementor-element-populated\">\n\t\t\t\t\t\t<div class=\"elementor-element elementor-element-8efa3af elementor-widget elementor-widget-image\" data-id=\"8efa3af\" data-element_type=\"widget\" data-e-type=\"widget\" data-widget_type=\"image.default\">\n\t\t\t\t<div class=\"elementor-widget-container\">\n\t\t\t\t\t\t\t\t\t\t\t\t\t\t\t<img fetchpriority=\"high\" decoding=\"async\" width=\"650\" height=\"650\" src=\"https:\/\/artvision-marble.com\/wp-content\/uploads\/2023\/08\/A-366-IMG-20200124-WA0008-650x650.jpg\" class=\"attachment-qi_addons_for_elementor_image_size_square size-qi_addons_for_elementor_image_size_square wp-image-588\" alt=\"\" srcset=\"https:\/\/artvision-marble.com\/wp-content\/uploads\/2023\/08\/A-366-IMG-20200124-WA0008-650x650.jpg 650w, https:\/\/artvision-marble.com\/wp-content\/uploads\/2023\/08\/A-366-IMG-20200124-WA0008-300x300.jpg 300w, https:\/\/artvision-marble.com\/wp-content\/uploads\/2023\/08\/A-366-IMG-20200124-WA0008-100x100.jpg 100w, https:\/\/artvision-marble.com\/wp-content\/uploads\/2023\/08\/A-366-IMG-20200124-WA0008-150x150.jpg 150w, https:\/\/artvision-marble.com\/wp-content\/uploads\/2023\/08\/A-366-IMG-20200124-WA0008-570x570.jpg 570w, https:\/\/artvision-marble.com\/wp-content\/uploads\/2023\/08\/A-366-IMG-20200124-WA0008-500x500.jpg 500w, https:\/\/artvision-marble.com\/wp-content\/uploads\/2023\/08\/A-366-IMG-20200124-WA0008-1000x1000.jpg 1000w\" sizes=\"(max-width: 650px) 100vw, 650px\" \/>\t\t\t\t\t\t\t\t\t\t\t\t\t\t\t<\/div>\n\t\t\t\t<\/div>\n\t\t\t\t\t<\/div>\n\t\t<\/div>\n\t\t\t\t<div class=\"elementor-column elementor-col-50 elementor-top-column elementor-element elementor-element-05a73fc\" data-id=\"05a73fc\" data-element_type=\"column\" data-e-type=\"column\">\n\t\t\t<div class=\"elementor-widget-wrap elementor-element-populated\">\n\t\t\t\t\t\t<div class=\"elementor-element elementor-element-353d3d8 elementor-widget__width-initial elementor-widget elementor-widget-text-editor\" data-id=\"353d3d8\" data-element_type=\"widget\" data-e-type=\"widget\" data-widget_type=\"text-editor.default\">\n\t\t\t\t<div class=\"elementor-widget-container\">\n\t\t\t\t\t\t\t\t\t<h2>societ\u00e0 ArtVision<\/h2>\n\t\t\t\t\t\t\t\t<\/div>\n\t\t\t\t<\/div>\n\t\t\t\t<div class=\"elementor-element elementor-element-543ee7b elementor-widget elementor-widget-qi_addons_for_elementor_separator\" data-id=\"543ee7b\" data-element_type=\"widget\" data-e-type=\"widget\" data-widget_type=\"qi_addons_for_elementor_separator.default\">\n\t\t\t\t<div class=\"elementor-widget-container\">\n\t\t\t\t\t<div class=\"qodef-shortcode qodef-m qodef-qi-separator qodef-qi-clear qodef-separator--standard\">\n\t<div class=\"qodef-m-line\"><\/div>\n<\/div>\n\t\t\t\t<\/div>\n\t\t\t\t<\/div>\n\t\t\t\t<div class=\"elementor-element elementor-element-6840a2f elementor-widget elementor-widget-text-editor\" data-id=\"6840a2f\" data-element_type=\"widget\" data-e-type=\"widget\" data-widget_type=\"text-editor.default\">\n\t\t\t\t<div class=\"elementor-widget-container\">\n\t\t\t\t\t\t\t\t\t<p>Fondata nel 1995. Art Vision \u00e8 un&#8217;impresa basata sul lavoro di squadra che \u00e8 cresciuta rapidamente fino a incorporare quattro stabilimenti di produzione e otto cave. Agli albori. Art Vision ha consolidato le sue operazioni internazionali stabilendo partnership strategiche e agenzie con alcuni paesi leader. Sotto la guida di <strong>H A M M A R (proprietari e amministratori)<\/strong> il Gruppo ha attraversato un&#8217;importante trasformazione che ha mirato all&#8217;acquisizione di infrastrutture e agli investimenti tecnologici. Ancora pi\u00f9 importante, negli ultimi anni, la nostra azienda \u00e8 riuscita a surclassare i concorrenti locali fornendo ai propri clienti un accesso privilegiato a materiali di fascia alta che non sono comunemente esternalizzati in questa regione. L&#8217;accesso diretto ai materiali significa massimizzare il margine di profitto dei nostri clienti presentando un&#8217;offerta semplicemente imbattibile<\/p>\n\t\t\t\t\t\t\t\t<\/div>\n\t\t\t\t<\/div>\n\t\t\t\t\t<\/div>\n\t\t<\/div>\n\t\t\t\t\t<\/div>\n\t\t<\/section>\n\t\t\t\t<section class=\"elementor-section elementor-top-section elementor-element elementor-element-8b4cbf7 elementor-section-full_width elementor-section-height-default elementor-section-height-default parallax_section_no qode_elementor_container_no\" data-id=\"8b4cbf7\" data-element_type=\"section\" data-e-type=\"section\" data-settings=\"{&quot;background_background&quot;:&quot;classic&quot;}\">\n\t\t\t\t\t\t<div class=\"elementor-container elementor-column-gap-default\">\n\t\t\t\t\t<div class=\"elementor-column elementor-col-100 elementor-top-column elementor-element elementor-element-6c4fc89\" data-id=\"6c4fc89\" data-element_type=\"column\" data-e-type=\"column\">\n\t\t\t<div class=\"elementor-widget-wrap elementor-element-populated\">\n\t\t\t\t\t\t<div class=\"elementor-element elementor-element-f9d8203 elementor-widget elementor-widget-text-editor\" data-id=\"f9d8203\" data-element_type=\"widget\" data-e-type=\"widget\" data-widget_type=\"text-editor.default\">\n\t\t\t\t<div class=\"elementor-widget-container\">\n\t\t\t\t\t\t\t\t\t<h2>Iscriviti alla nostra newsletter <\/h2>\n\t\t\t\t\t\t\t\t<\/div>\n\t\t\t\t<\/div>\n\t\t\t\t<div class=\"elementor-element elementor-element-b4dda44 elementor-widget__width-inherit elementor-widget elementor-widget-qi_addons_for_elementor_separator\" data-id=\"b4dda44\" data-element_type=\"widget\" data-e-type=\"widget\" data-widget_type=\"qi_addons_for_elementor_separator.default\">\n\t\t\t\t<div class=\"elementor-widget-container\">\n\t\t\t\t\t<div class=\"qodef-shortcode qodef-m qodef-qi-separator qodef-qi-clear qodef-separator--standard qodef-position--center\">\n\t<div class=\"qodef-m-line\"><\/div>\n<\/div>\n\t\t\t\t<\/div>\n\t\t\t\t<\/div>\n\t\t\t\t<div class=\"elementor-element elementor-element-570f003 elementor-widget__width-initial elementor-widget-tablet__width-initial elementor-widget-mobile__width-initial elementor-widget elementor-widget-bridge_cf_7\" data-id=\"570f003\" data-element_type=\"widget\" data-e-type=\"widget\" data-widget_type=\"bridge_cf_7.default\">\n\t\t\t\t<div class=\"elementor-widget-container\">\n\t\t\t\t\t    <div class=\"qode-contact-form-7 qode-contact-form-7-0\">\n    \n<div class=\"wpcf7 no-js\" id=\"wpcf7-f222-o1\" lang=\"en-US\" dir=\"ltr\" data-wpcf7-id=\"222\">\n<div class=\"screen-reader-response\"><p role=\"status\" aria-live=\"polite\" aria-atomic=\"true\"><\/p> <ul><\/ul><\/div>\n<form action=\"\/it\/wp-json\/wp\/v2\/pages\/5042#wpcf7-f222-o1\" method=\"post\" class=\"wpcf7-form init cf7_custom_style_1\" aria-label=\"Contact form\" novalidate=\"novalidate\" data-status=\"init\">\n<fieldset class=\"hidden-fields-container\"><input type=\"hidden\" name=\"_wpcf7\" value=\"222\" \/><input type=\"hidden\" name=\"_wpcf7_version\" value=\"6.1.5\" \/><input type=\"hidden\" name=\"_wpcf7_locale\" value=\"en_US\" \/><input type=\"hidden\" name=\"_wpcf7_unit_tag\" value=\"wpcf7-f222-o1\" \/><input type=\"hidden\" name=\"_wpcf7_container_post\" value=\"0\" \/><input type=\"hidden\" name=\"_wpcf7_posted_data_hash\" value=\"\" \/>\n<\/fieldset>\n<div class=\"two_columns_form_with_space\">\n<div class=\"column_left\">\n<span class=\"wpcf7-form-control-wrap\" data-name=\"text-322\"><input size=\"40\" maxlength=\"400\" class=\"wpcf7-form-control wpcf7-text\" aria-invalid=\"false\" placeholder=\"Enter Your Email\" value=\"\" type=\"text\" name=\"text-322\" \/><\/span>\n<\/div>\n<div class=\"column_right\">\n<input class=\"wpcf7-form-control wpcf7-submit has-spinner\" type=\"submit\" value=\"Subscribe\" \/>\n<\/div>\n<\/div><div class=\"wpcf7-response-output\" aria-hidden=\"true\"><\/div>\n<\/form>\n<\/div>\n    <\/div>\n\t\t\t\t<\/div>\n\t\t\t\t<\/div>\n\t\t\t\t\t<\/div>\n\t\t<\/div>\n\t\t\t\t\t<\/div>\n\t\t<\/section>\n\t\t\t\t<\/div>\n\t\t","protected":false},"excerpt":{"rendered":"<p>societ\u00e0 ArtVision Fondata nel 1995. Art Vision \u00e8 un&#8217;impresa basata sul lavoro di squadra che \u00e8 cresciuta rapidamente fino a incorporare quattro stabilimenti di produzione e otto cave. Agli albori. Art Vision ha consolidato le sue operazioni internazionali stabilendo partnership strategiche e agenzie con alcuni&#8230;<\/p>\n","protected":false},"author":1,"featured_media":0,"parent":0,"menu_order":0,"comment_status":"closed","ping_status":"closed","template":"full_width.php","meta":{"footnotes":""},"class_list":["post-5042","page","type-page","status-publish","hentry"],"_links":{"self":[{"href":"https:\/\/artvision-marble.com\/it\/wp-json\/wp\/v2\/pages\/5042","targetHints":{"allow":["GET"]}}],"collection":[{"href":"https:\/\/artvision-marble.com\/it\/wp-json\/wp\/v2\/pages"}],"about":[{"href":"https:\/\/artvision-marble.com\/it\/wp-json\/wp\/v2\/types\/page"}],"author":[{"embeddable":true,"href":"https:\/\/artvision-marble.com\/it\/wp-json\/wp\/v2\/users\/1"}],"replies":[{"embeddable":true,"href":"https:\/\/artvision-marble.com\/it\/wp-json\/wp\/v2\/comments?post=5042"}],"version-history":[{"count":0,"href":"https:\/\/artvision-marble.com\/it\/wp-json\/wp\/v2\/pages\/5042\/revisions"}],"wp:attachment":[{"href":"https:\/\/artvision-marble.com\/it\/wp-json\/wp\/v2\/media?parent=5042"}],"curies":[{"name":"wp","href":"https:\/\/api.w.org\/{rel}","templated":true}]}}