{"id":5150,"date":"2023-10-16T11:46:20","date_gmt":"2023-10-16T11:46:20","guid":{"rendered":"https:\/\/artvision-marble.com\/travertino\/"},"modified":"2024-02-01T11:58:36","modified_gmt":"2024-02-01T11:58:36","slug":"travertino","status":"publish","type":"page","link":"https:\/\/artvision-marble.com\/it\/travertino\/","title":{"rendered":"Travertino"},"content":{"rendered":"\t\t<div data-elementor-type=\"wp-page\" data-elementor-id=\"5150\" class=\"elementor elementor-5150 elementor-2996\" data-elementor-post-type=\"page\">\n\t\t\t\t\t\t<section class=\"elementor-section elementor-top-section elementor-element elementor-element-2685a97 elementor-section-boxed elementor-section-height-default elementor-section-height-default parallax_section_no qode_elementor_container_no\" data-id=\"2685a97\" data-element_type=\"section\" data-e-type=\"section\">\n\t\t\t\t\t\t<div class=\"elementor-container elementor-column-gap-default\">\n\t\t\t\t\t<div class=\"elementor-column elementor-col-100 elementor-top-column elementor-element elementor-element-1c91cd0\" data-id=\"1c91cd0\" data-element_type=\"column\" data-e-type=\"column\">\n\t\t\t<div class=\"elementor-widget-wrap elementor-element-populated\">\n\t\t\t\t\t\t<div class=\"elementor-element elementor-element-176a105 elementor-tabs-view-horizontal elementor-widget elementor-widget-tabs\" data-id=\"176a105\" data-element_type=\"widget\" data-e-type=\"widget\" data-widget_type=\"tabs.default\">\n\t\t\t\t<div class=\"elementor-widget-container\">\n\t\t\t\t\t\t\t<div class=\"elementor-tabs\">\n\t\t\t<div class=\"elementor-tabs-wrapper\" role=\"tablist\" >\n\t\t\t\t\t\t\t\t\t<div id=\"elementor-tab-title-2451\" class=\"elementor-tab-title elementor-tab-desktop-title\" aria-selected=\"true\" data-tab=\"1\" role=\"tab\" tabindex=\"0\" aria-controls=\"elementor-tab-content-2451\" aria-expanded=\"false\">Travertino<\/div>\n\t\t\t\t\t\t\t\t\t<div id=\"elementor-tab-title-2452\" class=\"elementor-tab-title elementor-tab-desktop-title\" aria-selected=\"false\" data-tab=\"2\" role=\"tab\" tabindex=\"-1\" aria-controls=\"elementor-tab-content-2452\" aria-expanded=\"false\">Propriet\u00e0 e applicazioni del travertino<\/div>\n\t\t\t\t\t\t\t\t\t<div id=\"elementor-tab-title-2453\" class=\"elementor-tab-title elementor-tab-desktop-title\" aria-selected=\"false\" data-tab=\"3\" role=\"tab\" tabindex=\"-1\" aria-controls=\"elementor-tab-content-2453\" aria-expanded=\"false\">Nonostante la porosit\u00e0<\/div>\n\t\t\t\t\t\t\t\t\t<div id=\"elementor-tab-title-2454\" class=\"elementor-tab-title elementor-tab-desktop-title\" aria-selected=\"false\" data-tab=\"4\" role=\"tab\" tabindex=\"-1\" aria-controls=\"elementor-tab-content-2454\" aria-expanded=\"false\">Le piastrelle in travertino naturale possono essere lavorate con successo:<\/div>\n\t\t\t\t\t\t\t<\/div>\n\t\t\t<div class=\"elementor-tabs-content-wrapper\" role=\"tablist\" aria-orientation=\"vertical\">\n\t\t\t\t\t\t\t\t\t<div class=\"elementor-tab-title elementor-tab-mobile-title\" aria-selected=\"true\" data-tab=\"1\" role=\"tab\" tabindex=\"0\" aria-controls=\"elementor-tab-content-2451\" aria-expanded=\"false\">Travertino<\/div>\n\t\t\t\t\t<div id=\"elementor-tab-content-2451\" class=\"elementor-tab-content elementor-clearfix\" data-tab=\"1\" role=\"tabpanel\" aria-labelledby=\"elementor-tab-title-2451\" tabindex=\"0\" hidden=\"false\"><p style=\"text-align: left;\">Il travertino si riferisce alle rocce formatesi dalla deposizione di sorgenti minerali calcaree. Sembra marmo, ma \u00e8 inferiore ad esso in termini di forza e alcune altre caratteristiche. I giacimenti pi\u00f9 estesi di travertino si trovano in Egitto, Italia, Russia e Turchia.<\/p><\/div>\n\t\t\t\t\t\t\t\t\t<div class=\"elementor-tab-title elementor-tab-mobile-title\" aria-selected=\"false\" data-tab=\"2\" role=\"tab\" tabindex=\"-1\" aria-controls=\"elementor-tab-content-2452\" aria-expanded=\"false\">Propriet\u00e0 e applicazioni del travertino<\/div>\n\t\t\t\t\t<div id=\"elementor-tab-content-2452\" class=\"elementor-tab-content elementor-clearfix\" data-tab=\"2\" role=\"tabpanel\" aria-labelledby=\"elementor-tab-title-2452\" tabindex=\"0\" hidden=\"hidden\"><p style=\"text-align: left;\">Il travertino \u00e8 spesso chiamato \u201cmarmo giovane\u201d. Ha una struttura a grana media e pu\u00f2 cambiare colore e densit\u00e0 nell&#8217;aria: i suoi colori diventano pi\u00f9 brillanti per effetto dell&#8217;ossidazione dei sali di ferro, mentre la sua densit\u00e0 e durezza aumentano per effetto della conversione del bicarbonato di calcio in carbonato di calcio.<\/p><\/div>\n\t\t\t\t\t\t\t\t\t<div class=\"elementor-tab-title elementor-tab-mobile-title\" aria-selected=\"false\" data-tab=\"3\" role=\"tab\" tabindex=\"-1\" aria-controls=\"elementor-tab-content-2453\" aria-expanded=\"false\">Nonostante la porosit\u00e0<\/div>\n\t\t\t\t\t<div id=\"elementor-tab-content-2453\" class=\"elementor-tab-content elementor-clearfix\" data-tab=\"3\" role=\"tabpanel\" aria-labelledby=\"elementor-tab-title-2453\" tabindex=\"0\" hidden=\"hidden\"><p>e l&#8217;elevata permeabilit\u00e0 all&#8217;acqua, le propriet\u00e0 del travertino, come la robustezza e la resistenza al gelo, ne consentono l&#8217;utilizzo nella decorazione interna ed esterna degli edifici.<\/p><p>La tavolozza dei colori del travertino comprende tutti i colori, dal bianco al marrone scuro e al rosso. La pietra bianca viene spesso utilizzata senza lucidatura. I prodotti realizzati in travertino nelle tonalit\u00e0 beige e caff\u00e8 sembrano particolarmente attraenti. Le versioni rosa e rossa della pietra creeranno un effetto decorativo originale nel design degli interni.<\/p><\/div>\n\t\t\t\t\t\t\t\t\t<div class=\"elementor-tab-title elementor-tab-mobile-title\" aria-selected=\"false\" data-tab=\"4\" role=\"tab\" tabindex=\"-1\" aria-controls=\"elementor-tab-content-2454\" aria-expanded=\"false\">Le piastrelle in travertino naturale possono essere lavorate con successo:<\/div>\n\t\t\t\t\t<div id=\"elementor-tab-content-2454\" class=\"elementor-tab-content elementor-clearfix\" data-tab=\"4\" role=\"tabpanel\" aria-labelledby=\"elementor-tab-title-2454\" tabindex=\"0\" hidden=\"hidden\"><p>lucidate, levigate, spazzolate. La spazzolatura \u00e8 la lavorazione della pietra antica, che viene effettuata con apposite spazzole che asportano lo strato superiore di pietra naturale.<\/p><p>Per la sua durabilit\u00e0 e resistenza, il travertino di colore scuro viene utilizzato per pavimentazioni in ambienti ad alto traffico, poich\u00e9 la sua resistenza all&#8217;usura non \u00e8 inferiore nemmeno al granito e al marmo.<\/p><p>Vendita all&#8217;ingrosso di travertino<br \/>Il travertino \u00e8 uno dei materiali naturali di finitura pi\u00f9 apprezzati grazie al suo prezzo accessibile e all&#8217;ampia gamma di applicazioni nell&#8217;edilizia e nell&#8217;architettura.<\/p><p>L&#8217;azienda Art Vision vende travertino all&#8217;ingrosso e al dettaglio e offre travertino di alta qualit\u00e0 a condizioni molto vantaggiose.<\/p><\/div>\n\t\t\t\t\t\t\t<\/div>\n\t\t<\/div>\n\t\t\t\t\t\t<\/div>\n\t\t\t\t<\/div>\n\t\t\t\t\t<\/div>\n\t\t<\/div>\n\t\t\t\t\t<\/div>\n\t\t<\/section>\n\t\t\t\t<section class=\"elementor-section elementor-top-section elementor-element elementor-element-07063b4 elementor-section-boxed elementor-section-height-default elementor-section-height-default parallax_section_no qode_elementor_container_no\" data-id=\"07063b4\" data-element_type=\"section\" data-e-type=\"section\">\n\t\t\t\t\t\t<div class=\"elementor-container elementor-column-gap-default\">\n\t\t\t\t\t<div class=\"elementor-column elementor-col-100 elementor-top-column elementor-element elementor-element-7d09f36\" data-id=\"7d09f36\" data-element_type=\"column\" data-e-type=\"column\">\n\t\t\t<div class=\"elementor-widget-wrap elementor-element-populated\">\n\t\t\t\t\t\t<div class=\"elementor-element elementor-element-1b987cc elementor-widget elementor-widget-spacer\" data-id=\"1b987cc\" data-element_type=\"widget\" data-e-type=\"widget\" data-widget_type=\"spacer.default\">\n\t\t\t\t<div class=\"elementor-widget-container\">\n\t\t\t\t\t\t\t<div class=\"elementor-spacer\">\n\t\t\t<div class=\"elementor-spacer-inner\"><\/div>\n\t\t<\/div>\n\t\t\t\t\t\t<\/div>\n\t\t\t\t<\/div>\n\t\t\t\t<section class=\"elementor-section elementor-inner-section elementor-element elementor-element-7938823 elementor-section-boxed elementor-section-height-default elementor-section-height-default parallax_section_no qode_elementor_container_no\" data-id=\"7938823\" data-element_type=\"section\" data-e-type=\"section\">\n\t\t\t\t\t\t<div class=\"elementor-container elementor-column-gap-default\">\n\t\t\t\t\t<div class=\"elementor-column elementor-col-50 elementor-inner-column elementor-element elementor-element-46fbc44\" data-id=\"46fbc44\" data-element_type=\"column\" data-e-type=\"column\">\n\t\t\t<div class=\"elementor-widget-wrap elementor-element-populated\">\n\t\t\t\t\t\t<div class=\"elementor-element elementor-element-3077eed elementor-widget elementor-widget-image\" data-id=\"3077eed\" data-element_type=\"widget\" data-e-type=\"widget\" data-widget_type=\"image.default\">\n\t\t\t\t<div class=\"elementor-widget-container\">\n\t\t\t\t\t\t\t\t\t\t\t\t\t\t\t<img fetchpriority=\"high\" decoding=\"async\" width=\"480\" height=\"720\" src=\"https:\/\/artvision-marble.com\/wp-content\/uploads\/2023\/11\/Picture2-2.jpg\" class=\"attachment-large size-large wp-image-4407\" alt=\"\" srcset=\"https:\/\/artvision-marble.com\/wp-content\/uploads\/2023\/11\/Picture2-2.jpg 480w, https:\/\/artvision-marble.com\/wp-content\/uploads\/2023\/11\/Picture2-2-200x300.jpg 200w\" sizes=\"(max-width: 480px) 100vw, 480px\" \/>\t\t\t\t\t\t\t\t\t\t\t\t\t\t\t<\/div>\n\t\t\t\t<\/div>\n\t\t\t\t\t<\/div>\n\t\t<\/div>\n\t\t\t\t<div class=\"elementor-column elementor-col-50 elementor-inner-column elementor-element elementor-element-b331464\" data-id=\"b331464\" data-element_type=\"column\" data-e-type=\"column\">\n\t\t\t<div class=\"elementor-widget-wrap elementor-element-populated\">\n\t\t\t\t\t\t<div class=\"elementor-element elementor-element-5ac7107 elementor-widget elementor-widget-image\" data-id=\"5ac7107\" data-element_type=\"widget\" data-e-type=\"widget\" data-widget_type=\"image.default\">\n\t\t\t\t<div class=\"elementor-widget-container\">\n\t\t\t\t\t\t\t\t\t\t\t\t\t\t\t<img decoding=\"async\" width=\"480\" height=\"720\" src=\"https:\/\/artvision-marble.com\/wp-content\/uploads\/2023\/11\/Untitled-1.jpg\" class=\"attachment-large size-large wp-image-4831\" alt=\"\" srcset=\"https:\/\/artvision-marble.com\/wp-content\/uploads\/2023\/11\/Untitled-1.jpg 480w, https:\/\/artvision-marble.com\/wp-content\/uploads\/2023\/11\/Untitled-1-200x300.jpg 200w\" sizes=\"(max-width: 480px) 100vw, 480px\" \/>\t\t\t\t\t\t\t\t\t\t\t\t\t\t\t<\/div>\n\t\t\t\t<\/div>\n\t\t\t\t\t<\/div>\n\t\t<\/div>\n\t\t\t\t\t<\/div>\n\t\t<\/section>\n\t\t\t\t\t<\/div>\n\t\t<\/div>\n\t\t\t\t\t<\/div>\n\t\t<\/section>\n\t\t\t\t<section class=\"elementor-section elementor-top-section elementor-element elementor-element-63c41db elementor-section-boxed elementor-section-height-default elementor-section-height-default parallax_section_no qode_elementor_container_no\" data-id=\"63c41db\" data-element_type=\"section\" data-e-type=\"section\">\n\t\t\t\t\t\t<div class=\"elementor-container elementor-column-gap-default\">\n\t\t\t\t\t<div class=\"elementor-column elementor-col-100 elementor-top-column elementor-element elementor-element-bc55858\" data-id=\"bc55858\" data-element_type=\"column\" data-e-type=\"column\">\n\t\t\t<div class=\"elementor-widget-wrap elementor-element-populated\">\n\t\t\t\t\t\t<div class=\"elementor-element elementor-element-bd0310c elementor-widget elementor-widget-spacer\" data-id=\"bd0310c\" data-element_type=\"widget\" data-e-type=\"widget\" data-widget_type=\"spacer.default\">\n\t\t\t\t<div class=\"elementor-widget-container\">\n\t\t\t\t\t\t\t<div class=\"elementor-spacer\">\n\t\t\t<div class=\"elementor-spacer-inner\"><\/div>\n\t\t<\/div>\n\t\t\t\t\t\t<\/div>\n\t\t\t\t<\/div>\n\t\t\t\t<div class=\"elementor-element elementor-element-9d3086c gallery-spacing-custom zoomin elementor-widget elementor-widget-image-gallery\" data-id=\"9d3086c\" data-element_type=\"widget\" data-e-type=\"widget\" data-widget_type=\"image-gallery.default\">\n\t\t\t\t<div class=\"elementor-widget-container\">\n\t\t\t\t\t\t\t<div class=\"elementor-image-gallery\">\n\t\t\t\n\t\t<style type=\"text\/css\">\n\t\t\t#gallery-1 {\n\t\t\t\tmargin: auto;\n\t\t\t}\n\t\t\t#gallery-1 .gallery-item {\n\t\t\t\tfloat: left;\n\t\t\t\tmargin-top: 10px;\n\t\t\t\ttext-align: center;\n\t\t\t\twidth: 25%;\n\t\t\t}\n\t\t\t#gallery-1 img {\n\t\t\t\tborder: 2px solid #cfcfcf;\n\t\t\t}\n\t\t\t#gallery-1 .gallery-caption {\n\t\t\t\tmargin-left: 0;\n\t\t\t}\n\t\t\t\/* see gallery_shortcode() in wp-includes\/media.php *\/\n\t\t<\/style>\n\t\t<div id='gallery-1' class='gallery galleryid-5150 gallery-columns-4 gallery-size-woocommerce_thumbnail'><dl class='gallery-item'>\n\t\t\t<dt class='gallery-icon landscape'>\n\t\t\t\t<a data-elementor-open-lightbox=\"yes\" data-elementor-lightbox-slideshow=\"9d3086c\" data-elementor-lightbox-title=\"Art Vision_Travertine\" data-e-action-hash=\"#elementor-action%3Aaction%3Dlightbox%26settings%3DeyJpZCI6NDQyMywidXJsIjoiaHR0cHM6XC9cL2FydHZpc2lvbi1tYXJibGUuY29tXC93cC1jb250ZW50XC91cGxvYWRzXC8yMDIzXC8xMVwvUGljdHVyZTEwLTEucG5nIiwic2xpZGVzaG93IjoiOWQzMDg2YyJ9\" href='https:\/\/artvision-marble.com\/wp-content\/uploads\/2023\/11\/Picture10-1.png'><img decoding=\"async\" width=\"300\" height=\"300\" src=\"https:\/\/artvision-marble.com\/wp-content\/uploads\/2023\/11\/Picture10-1-300x300.png\" class=\"attachment-woocommerce_thumbnail size-woocommerce_thumbnail\" alt=\"\" srcset=\"https:\/\/artvision-marble.com\/wp-content\/uploads\/2023\/11\/Picture10-1-300x300.png 300w, https:\/\/artvision-marble.com\/wp-content\/uploads\/2023\/11\/Picture10-1-150x150.png 150w, https:\/\/artvision-marble.com\/wp-content\/uploads\/2023\/11\/Picture10-1-100x100.png 100w\" sizes=\"(max-width: 300px) 100vw, 300px\" \/><\/a>\n\t\t\t<\/dt><\/dl><dl class='gallery-item'>\n\t\t\t<dt class='gallery-icon landscape'>\n\t\t\t\t<a data-elementor-open-lightbox=\"yes\" data-elementor-lightbox-slideshow=\"9d3086c\" data-elementor-lightbox-title=\"Art Vision_Travertine\" data-e-action-hash=\"#elementor-action%3Aaction%3Dlightbox%26settings%3DeyJpZCI6NDQyMSwidXJsIjoiaHR0cHM6XC9cL2FydHZpc2lvbi1tYXJibGUuY29tXC93cC1jb250ZW50XC91cGxvYWRzXC8yMDIzXC8xMVwvUGljdHVyZTkucG5nIiwic2xpZGVzaG93IjoiOWQzMDg2YyJ9\" href='https:\/\/artvision-marble.com\/wp-content\/uploads\/2023\/11\/Picture9.png'><img loading=\"lazy\" decoding=\"async\" width=\"300\" height=\"300\" src=\"https:\/\/artvision-marble.com\/wp-content\/uploads\/2023\/11\/Picture9-300x300.png\" class=\"attachment-woocommerce_thumbnail size-woocommerce_thumbnail\" alt=\"\" srcset=\"https:\/\/artvision-marble.com\/wp-content\/uploads\/2023\/11\/Picture9-300x300.png 300w, https:\/\/artvision-marble.com\/wp-content\/uploads\/2023\/11\/Picture9-150x150.png 150w, https:\/\/artvision-marble.com\/wp-content\/uploads\/2023\/11\/Picture9-100x100.png 100w\" sizes=\"(max-width: 300px) 100vw, 300px\" \/><\/a>\n\t\t\t<\/dt><\/dl><dl class='gallery-item'>\n\t\t\t<dt class='gallery-icon portrait'>\n\t\t\t\t<a data-elementor-open-lightbox=\"yes\" data-elementor-lightbox-slideshow=\"9d3086c\" data-elementor-lightbox-title=\"Art Vision_Travertine\" data-e-action-hash=\"#elementor-action%3Aaction%3Dlightbox%26settings%3DeyJpZCI6NDQxOSwidXJsIjoiaHR0cHM6XC9cL2FydHZpc2lvbi1tYXJibGUuY29tXC93cC1jb250ZW50XC91cGxvYWRzXC8yMDIzXC8xMVwvUGljdHVyZTgucG5nIiwic2xpZGVzaG93IjoiOWQzMDg2YyJ9\" href='https:\/\/artvision-marble.com\/wp-content\/uploads\/2023\/11\/Picture8.png'><img loading=\"lazy\" decoding=\"async\" width=\"300\" height=\"300\" src=\"https:\/\/artvision-marble.com\/wp-content\/uploads\/2023\/11\/Picture8-300x300.png\" class=\"attachment-woocommerce_thumbnail size-woocommerce_thumbnail\" alt=\"\" srcset=\"https:\/\/artvision-marble.com\/wp-content\/uploads\/2023\/11\/Picture8-300x300.png 300w, https:\/\/artvision-marble.com\/wp-content\/uploads\/2023\/11\/Picture8-150x150.png 150w, https:\/\/artvision-marble.com\/wp-content\/uploads\/2023\/11\/Picture8-100x100.png 100w\" sizes=\"(max-width: 300px) 100vw, 300px\" \/><\/a>\n\t\t\t<\/dt><\/dl><dl class='gallery-item'>\n\t\t\t<dt class='gallery-icon portrait'>\n\t\t\t\t<a data-elementor-open-lightbox=\"yes\" data-elementor-lightbox-slideshow=\"9d3086c\" data-elementor-lightbox-title=\"Art Vision_Travertine\" data-e-action-hash=\"#elementor-action%3Aaction%3Dlightbox%26settings%3DeyJpZCI6NDQxNywidXJsIjoiaHR0cHM6XC9cL2FydHZpc2lvbi1tYXJibGUuY29tXC93cC1jb250ZW50XC91cGxvYWRzXC8yMDIzXC8xMVwvUGljdHVyZTctMS5wbmciLCJzbGlkZXNob3ciOiI5ZDMwODZjIn0%3D\" href='https:\/\/artvision-marble.com\/wp-content\/uploads\/2023\/11\/Picture7-1.png'><img loading=\"lazy\" decoding=\"async\" width=\"300\" height=\"300\" src=\"https:\/\/artvision-marble.com\/wp-content\/uploads\/2023\/11\/Picture7-1-300x300.png\" class=\"attachment-woocommerce_thumbnail size-woocommerce_thumbnail\" alt=\"\" srcset=\"https:\/\/artvision-marble.com\/wp-content\/uploads\/2023\/11\/Picture7-1-300x300.png 300w, https:\/\/artvision-marble.com\/wp-content\/uploads\/2023\/11\/Picture7-1-150x150.png 150w, https:\/\/artvision-marble.com\/wp-content\/uploads\/2023\/11\/Picture7-1-500x500.png 500w, https:\/\/artvision-marble.com\/wp-content\/uploads\/2023\/11\/Picture7-1-100x100.png 100w\" sizes=\"(max-width: 300px) 100vw, 300px\" \/><\/a>\n\t\t\t<\/dt><\/dl><br style=\"clear: both\" \/><dl class='gallery-item'>\n\t\t\t<dt class='gallery-icon portrait'>\n\t\t\t\t<a data-elementor-open-lightbox=\"yes\" data-elementor-lightbox-slideshow=\"9d3086c\" data-elementor-lightbox-title=\"Art Vision_Travertine\" data-e-action-hash=\"#elementor-action%3Aaction%3Dlightbox%26settings%3DeyJpZCI6NDQxNSwidXJsIjoiaHR0cHM6XC9cL2FydHZpc2lvbi1tYXJibGUuY29tXC93cC1jb250ZW50XC91cGxvYWRzXC8yMDIzXC8xMVwvUGljdHVyZTYtMS5wbmciLCJzbGlkZXNob3ciOiI5ZDMwODZjIn0%3D\" href='https:\/\/artvision-marble.com\/wp-content\/uploads\/2023\/11\/Picture6-1.png'><img loading=\"lazy\" decoding=\"async\" width=\"300\" height=\"300\" src=\"https:\/\/artvision-marble.com\/wp-content\/uploads\/2023\/11\/Picture6-1-300x300.png\" class=\"attachment-woocommerce_thumbnail size-woocommerce_thumbnail\" alt=\"\" srcset=\"https:\/\/artvision-marble.com\/wp-content\/uploads\/2023\/11\/Picture6-1-300x300.png 300w, https:\/\/artvision-marble.com\/wp-content\/uploads\/2023\/11\/Picture6-1-150x150.png 150w, https:\/\/artvision-marble.com\/wp-content\/uploads\/2023\/11\/Picture6-1-500x500.png 500w, https:\/\/artvision-marble.com\/wp-content\/uploads\/2023\/11\/Picture6-1-100x100.png 100w\" sizes=\"(max-width: 300px) 100vw, 300px\" \/><\/a>\n\t\t\t<\/dt><\/dl><dl class='gallery-item'>\n\t\t\t<dt class='gallery-icon landscape'>\n\t\t\t\t<a data-elementor-open-lightbox=\"yes\" data-elementor-lightbox-slideshow=\"9d3086c\" data-elementor-lightbox-title=\"Art Vision_Travertine\" data-e-action-hash=\"#elementor-action%3Aaction%3Dlightbox%26settings%3DeyJpZCI6NDQwNSwidXJsIjoiaHR0cHM6XC9cL2FydHZpc2lvbi1tYXJibGUuY29tXC93cC1jb250ZW50XC91cGxvYWRzXC8yMDIzXC8xMVwvUGljdHVyZTEtMi5wbmciLCJzbGlkZXNob3ciOiI5ZDMwODZjIn0%3D\" href='https:\/\/artvision-marble.com\/wp-content\/uploads\/2023\/11\/Picture1-2.png'><img loading=\"lazy\" decoding=\"async\" width=\"300\" height=\"300\" src=\"https:\/\/artvision-marble.com\/wp-content\/uploads\/2023\/11\/Picture1-2-300x300.png\" class=\"attachment-woocommerce_thumbnail size-woocommerce_thumbnail\" alt=\"\" srcset=\"https:\/\/artvision-marble.com\/wp-content\/uploads\/2023\/11\/Picture1-2-300x300.png 300w, https:\/\/artvision-marble.com\/wp-content\/uploads\/2023\/11\/Picture1-2-150x150.png 150w, https:\/\/artvision-marble.com\/wp-content\/uploads\/2023\/11\/Picture1-2-570x570.png 570w, https:\/\/artvision-marble.com\/wp-content\/uploads\/2023\/11\/Picture1-2-500x500.png 500w, https:\/\/artvision-marble.com\/wp-content\/uploads\/2023\/11\/Picture1-2-650x650.png 650w, https:\/\/artvision-marble.com\/wp-content\/uploads\/2023\/11\/Picture1-2-100x100.png 100w\" sizes=\"(max-width: 300px) 100vw, 300px\" \/><\/a>\n\t\t\t<\/dt><\/dl><dl class='gallery-item'>\n\t\t\t<dt class='gallery-icon portrait'>\n\t\t\t\t<a data-elementor-open-lightbox=\"yes\" data-elementor-lightbox-slideshow=\"9d3086c\" data-elementor-lightbox-title=\"Art Vision_Travertine\" data-e-action-hash=\"#elementor-action%3Aaction%3Dlightbox%26settings%3DeyJpZCI6NDQxMSwidXJsIjoiaHR0cHM6XC9cL2FydHZpc2lvbi1tYXJibGUuY29tXC93cC1jb250ZW50XC91cGxvYWRzXC8yMDIzXC8xMVwvUGljdHVyZTQtMS5wbmciLCJzbGlkZXNob3ciOiI5ZDMwODZjIn0%3D\" href='https:\/\/artvision-marble.com\/wp-content\/uploads\/2023\/11\/Picture4-1.png'><img loading=\"lazy\" decoding=\"async\" width=\"300\" height=\"300\" src=\"https:\/\/artvision-marble.com\/wp-content\/uploads\/2023\/11\/Picture4-1-300x300.png\" class=\"attachment-woocommerce_thumbnail size-woocommerce_thumbnail\" alt=\"\" srcset=\"https:\/\/artvision-marble.com\/wp-content\/uploads\/2023\/11\/Picture4-1-300x300.png 300w, https:\/\/artvision-marble.com\/wp-content\/uploads\/2023\/11\/Picture4-1-150x150.png 150w, https:\/\/artvision-marble.com\/wp-content\/uploads\/2023\/11\/Picture4-1-500x500.png 500w, https:\/\/artvision-marble.com\/wp-content\/uploads\/2023\/11\/Picture4-1-100x100.png 100w\" sizes=\"(max-width: 300px) 100vw, 300px\" \/><\/a>\n\t\t\t<\/dt><\/dl><dl class='gallery-item'>\n\t\t\t<dt class='gallery-icon portrait'>\n\t\t\t\t<a data-elementor-open-lightbox=\"yes\" data-elementor-lightbox-slideshow=\"9d3086c\" data-elementor-lightbox-title=\"Art Vision_Travertine\" data-e-action-hash=\"#elementor-action%3Aaction%3Dlightbox%26settings%3DeyJpZCI6NDQxMywidXJsIjoiaHR0cHM6XC9cL2FydHZpc2lvbi1tYXJibGUuY29tXC93cC1jb250ZW50XC91cGxvYWRzXC8yMDIzXC8xMVwvUGljdHVyZTUucG5nIiwic2xpZGVzaG93IjoiOWQzMDg2YyJ9\" href='https:\/\/artvision-marble.com\/wp-content\/uploads\/2023\/11\/Picture5.png'><img loading=\"lazy\" decoding=\"async\" width=\"300\" height=\"300\" src=\"https:\/\/artvision-marble.com\/wp-content\/uploads\/2023\/11\/Picture5-300x300.png\" class=\"attachment-woocommerce_thumbnail size-woocommerce_thumbnail\" alt=\"\" srcset=\"https:\/\/artvision-marble.com\/wp-content\/uploads\/2023\/11\/Picture5-300x300.png 300w, https:\/\/artvision-marble.com\/wp-content\/uploads\/2023\/11\/Picture5-150x150.png 150w, https:\/\/artvision-marble.com\/wp-content\/uploads\/2023\/11\/Picture5-500x500.png 500w, https:\/\/artvision-marble.com\/wp-content\/uploads\/2023\/11\/Picture5-100x100.png 100w\" sizes=\"(max-width: 300px) 100vw, 300px\" \/><\/a>\n\t\t\t<\/dt><\/dl><br style=\"clear: both\" \/>\n\t\t<\/div>\n\t\t<\/div>\n\t\t\t\t\t\t<\/div>\n\t\t\t\t<\/div>\n\t\t\t\t\t<\/div>\n\t\t<\/div>\n\t\t\t\t\t<\/div>\n\t\t<\/section>\n\t\t\t\t<\/div>\n\t\t","protected":false},"excerpt":{"rendered":"<p>Travertino Propriet\u00e0 e applicazioni del travertino Nonostante la porosit\u00e0 Le piastrelle in travertino naturale possono essere lavorate con successo: Travertino Il travertino si riferisce alle rocce formatesi dalla deposizione di sorgenti minerali calcaree. Sembra marmo, ma \u00e8 inferiore ad esso in termini di forza e&#8230;<\/p>\n","protected":false},"author":1,"featured_media":0,"parent":0,"menu_order":0,"comment_status":"closed","ping_status":"closed","template":"","meta":{"footnotes":""},"class_list":["post-5150","page","type-page","status-publish","hentry"],"_links":{"self":[{"href":"https:\/\/artvision-marble.com\/it\/wp-json\/wp\/v2\/pages\/5150","targetHints":{"allow":["GET"]}}],"collection":[{"href":"https:\/\/artvision-marble.com\/it\/wp-json\/wp\/v2\/pages"}],"about":[{"href":"https:\/\/artvision-marble.com\/it\/wp-json\/wp\/v2\/types\/page"}],"author":[{"embeddable":true,"href":"https:\/\/artvision-marble.com\/it\/wp-json\/wp\/v2\/users\/1"}],"replies":[{"embeddable":true,"href":"https:\/\/artvision-marble.com\/it\/wp-json\/wp\/v2\/comments?post=5150"}],"version-history":[{"count":0,"href":"https:\/\/artvision-marble.com\/it\/wp-json\/wp\/v2\/pages\/5150\/revisions"}],"wp:attachment":[{"href":"https:\/\/artvision-marble.com\/it\/wp-json\/wp\/v2\/media?parent=5150"}],"curies":[{"name":"wp","href":"https:\/\/api.w.org\/{rel}","templated":true}]}}