{"id":7546,"date":"2023-11-15T12:30:57","date_gmt":"2023-11-15T12:30:57","guid":{"rendered":"https:\/\/artvision-marble.com\/marmo\/"},"modified":"2024-02-01T11:36:04","modified_gmt":"2024-02-01T11:36:04","slug":"marmo","status":"publish","type":"page","link":"https:\/\/artvision-marble.com\/it\/marmo\/","title":{"rendered":"Marmo"},"content":{"rendered":"\t\t<div data-elementor-type=\"wp-page\" data-elementor-id=\"7546\" class=\"elementor elementor-7546 elementor-4496\" data-elementor-post-type=\"page\">\n\t\t\t\t\t\t<section class=\"elementor-section elementor-top-section elementor-element elementor-element-f21df08 elementor-section-boxed elementor-section-height-default elementor-section-height-default parallax_section_no qode_elementor_container_no\" data-id=\"f21df08\" data-element_type=\"section\" data-e-type=\"section\">\n\t\t\t\t\t\t<div class=\"elementor-container elementor-column-gap-default\">\n\t\t\t\t\t<div class=\"elementor-column elementor-col-100 elementor-top-column elementor-element elementor-element-b4673d5\" data-id=\"b4673d5\" data-element_type=\"column\" data-e-type=\"column\">\n\t\t\t<div class=\"elementor-widget-wrap elementor-element-populated\">\n\t\t\t\t\t\t<div class=\"elementor-element elementor-element-fff1eb7 elementor-widget elementor-widget-toggle\" data-id=\"fff1eb7\" data-element_type=\"widget\" data-e-type=\"widget\" data-widget_type=\"toggle.default\">\n\t\t\t\t<div class=\"elementor-widget-container\">\n\t\t\t\t\t\t\t<div class=\"elementor-toggle\">\n\t\t\t\t\t\t\t<div class=\"elementor-toggle-item\">\n\t\t\t\t\t<div id=\"elementor-tab-title-2681\" class=\"elementor-tab-title\" data-tab=\"1\" role=\"button\" aria-controls=\"elementor-tab-content-2681\" aria-expanded=\"false\">\n\t\t\t\t\t\t\t\t\t\t\t\t<span class=\"elementor-toggle-icon elementor-toggle-icon-left\" aria-hidden=\"true\">\n\t\t\t\t\t\t\t\t\t\t\t\t\t\t\t<span class=\"elementor-toggle-icon-closed\"><i class=\"fas fa-caret-right\"><\/i><\/span>\n\t\t\t\t\t\t\t\t<span class=\"elementor-toggle-icon-opened\"><i class=\"elementor-toggle-icon-opened fas fa-caret-up\"><\/i><\/span>\n\t\t\t\t\t\t\t\t\t\t\t\t\t<\/span>\n\t\t\t\t\t\t\t\t\t\t\t\t<a class=\"elementor-toggle-title\" tabindex=\"0\">Il marmo<\/a>\n\t\t\t\t\t<\/div>\n\n\t\t\t\t\t<div id=\"elementor-tab-content-2681\" class=\"elementor-tab-content elementor-clearfix\" data-tab=\"1\" role=\"region\" aria-labelledby=\"elementor-tab-title-2681\"><p style=\"text-align: left;\">\u00e8 una roccia metamorfica costituita principalmente da calcite e dolomite e composti organici. La composizione delle impurit\u00e0 e la loro quantit\u00e0 formano una tavolozza variegata di colori, venature, macchie e un modello unico della pietra. \u00c8 interessante notare che il disegno del marmo cambia a seconda della direzione del taglio.<\/p><p style=\"text-align: left;\">L&#8217;azienda Art Vision offre l&#8217;acquisto all&#8217;ingrosso di marmo in Egitto a condizioni vantaggiose con consegna in qualsiasi regione del mondo.<\/p><\/div>\n\t\t\t\t<\/div>\n\t\t\t\t\t\t\t<div class=\"elementor-toggle-item\">\n\t\t\t\t\t<div id=\"elementor-tab-title-2682\" class=\"elementor-tab-title\" data-tab=\"2\" role=\"button\" aria-controls=\"elementor-tab-content-2682\" aria-expanded=\"false\">\n\t\t\t\t\t\t\t\t\t\t\t\t<span class=\"elementor-toggle-icon elementor-toggle-icon-left\" aria-hidden=\"true\">\n\t\t\t\t\t\t\t\t\t\t\t\t\t\t\t<span class=\"elementor-toggle-icon-closed\"><i class=\"fas fa-caret-right\"><\/i><\/span>\n\t\t\t\t\t\t\t\t<span class=\"elementor-toggle-icon-opened\"><i class=\"elementor-toggle-icon-opened fas fa-caret-up\"><\/i><\/span>\n\t\t\t\t\t\t\t\t\t\t\t\t\t<\/span>\n\t\t\t\t\t\t\t\t\t\t\t\t<a class=\"elementor-toggle-title\" tabindex=\"0\">Propriet\u00e0 del marmo e sua applicazione<\/a>\n\t\t\t\t\t<\/div>\n\n\t\t\t\t\t<div id=\"elementor-tab-content-2682\" class=\"elementor-tab-content elementor-clearfix\" data-tab=\"2\" role=\"region\" aria-labelledby=\"elementor-tab-title-2682\"><p style=\"text-align: left;\">Il marmo \u00e8 un materiale di finitura durevole e resistente, resistente agli sbalzi di temperatura e non assorbe l&#8217;umidit\u00e0. Ma il suo vantaggio principale \u00e8 il suo fascino estetico. Anche nell&#8217;antichit\u00e0 il marmo veniva utilizzato per decorare i lussuosi palazzi e le camere degli imperatori romani.<\/p><\/div>\n\t\t\t\t<\/div>\n\t\t\t\t\t\t\t<div class=\"elementor-toggle-item\">\n\t\t\t\t\t<div id=\"elementor-tab-title-2683\" class=\"elementor-tab-title\" data-tab=\"3\" role=\"button\" aria-controls=\"elementor-tab-content-2683\" aria-expanded=\"false\">\n\t\t\t\t\t\t\t\t\t\t\t\t<span class=\"elementor-toggle-icon elementor-toggle-icon-left\" aria-hidden=\"true\">\n\t\t\t\t\t\t\t\t\t\t\t\t\t\t\t<span class=\"elementor-toggle-icon-closed\"><i class=\"fas fa-caret-right\"><\/i><\/span>\n\t\t\t\t\t\t\t\t<span class=\"elementor-toggle-icon-opened\"><i class=\"elementor-toggle-icon-opened fas fa-caret-up\"><\/i><\/span>\n\t\t\t\t\t\t\t\t\t\t\t\t\t<\/span>\n\t\t\t\t\t\t\t\t\t\t\t\t<a class=\"elementor-toggle-title\" tabindex=\"0\">Il marmo<\/a>\n\t\t\t\t\t<\/div>\n\n\t\t\t\t\t<div id=\"elementor-tab-content-2683\" class=\"elementor-tab-content elementor-clearfix\" data-tab=\"3\" role=\"region\" aria-labelledby=\"elementor-tab-title-2683\"><p style=\"text-align: left;\">\u00e8 eccezionalmente attraente nella sua forma grezza, ma la sua consistenza e la magnificenza delle sfumature vengono completamente rivelate dopo la lucidatura. Le piastrelle di marmo naturale lucido, che riflettono i raggi del sole, assumono un aspetto diverso e un motivo luminoso.<\/p><\/div>\n\t\t\t\t<\/div>\n\t\t\t\t\t\t\t<div class=\"elementor-toggle-item\">\n\t\t\t\t\t<div id=\"elementor-tab-title-2684\" class=\"elementor-tab-title\" data-tab=\"4\" role=\"button\" aria-controls=\"elementor-tab-content-2684\" aria-expanded=\"false\">\n\t\t\t\t\t\t\t\t\t\t\t\t<span class=\"elementor-toggle-icon elementor-toggle-icon-left\" aria-hidden=\"true\">\n\t\t\t\t\t\t\t\t\t\t\t\t\t\t\t<span class=\"elementor-toggle-icon-closed\"><i class=\"fas fa-caret-right\"><\/i><\/span>\n\t\t\t\t\t\t\t\t<span class=\"elementor-toggle-icon-opened\"><i class=\"elementor-toggle-icon-opened fas fa-caret-up\"><\/i><\/span>\n\t\t\t\t\t\t\t\t\t\t\t\t\t<\/span>\n\t\t\t\t\t\t\t\t\t\t\t\t<a class=\"elementor-toggle-title\" tabindex=\"0\">In natura si trovano tre tipi di marmo:<\/a>\n\t\t\t\t\t<\/div>\n\n\t\t\t\t\t<div id=\"elementor-tab-content-2684\" class=\"elementor-tab-content elementor-clearfix\" data-tab=\"4\" role=\"region\" aria-labelledby=\"elementor-tab-title-2684\"><p style=\"text-align: left;\">bianco, grigio e colorato. La differenza non \u00e8 solo nel colore, ma anche nelle caratteristiche qualitative del materiale, che ne determinano l&#8217;utilizzo.<\/p><p style=\"text-align: left;\">Il marmo bianco \u00e8 quasi privo di impurit\u00e0, ha una struttura uniforme, \u00e8 caratterizzato da plasticit\u00e0, resistenza, facilit\u00e0 di lavorazione, resistenza alle variazioni di temperatura e alle sollecitazioni meccaniche. Tuttavia, di solito viene utilizzato all&#8217;interno, poich\u00e9 se utilizzato esternamente reagisce all&#8217;esposizione alle precipitazioni: ingiallisce, diventa torbido e tende a macchiarsi.<\/p><\/div>\n\t\t\t\t<\/div>\n\t\t\t\t\t\t\t<div class=\"elementor-toggle-item\">\n\t\t\t\t\t<div id=\"elementor-tab-title-2685\" class=\"elementor-tab-title\" data-tab=\"5\" role=\"button\" aria-controls=\"elementor-tab-content-2685\" aria-expanded=\"false\">\n\t\t\t\t\t\t\t\t\t\t\t\t<span class=\"elementor-toggle-icon elementor-toggle-icon-left\" aria-hidden=\"true\">\n\t\t\t\t\t\t\t\t\t\t\t\t\t\t\t<span class=\"elementor-toggle-icon-closed\"><i class=\"fas fa-caret-right\"><\/i><\/span>\n\t\t\t\t\t\t\t\t<span class=\"elementor-toggle-icon-opened\"><i class=\"elementor-toggle-icon-opened fas fa-caret-up\"><\/i><\/span>\n\t\t\t\t\t\t\t\t\t\t\t\t\t<\/span>\n\t\t\t\t\t\t\t\t\t\t\t\t<a class=\"elementor-toggle-title\" tabindex=\"0\">Il marmo<\/a>\n\t\t\t\t\t<\/div>\n\n\t\t\t\t\t<div id=\"elementor-tab-content-2685\" class=\"elementor-tab-content elementor-clearfix\" data-tab=\"5\" role=\"region\" aria-labelledby=\"elementor-tab-title-2685\"><p style=\"text-align: left;\">grigio \u00e8 relativamente resistente alle precipitazioni ed \u00e8 facile da lavorare quanto il marmo bianco. \u00c8 anche molto bello. Il suo design ricorda nuvole porose volanti. Rivestire la facciata con marmo grigio conferir\u00e0 all&#8217;edificio un aspetto ricco<\/p><\/div>\n\t\t\t\t<\/div>\n\t\t\t\t\t\t\t<div class=\"elementor-toggle-item\">\n\t\t\t\t\t<div id=\"elementor-tab-title-2686\" class=\"elementor-tab-title\" data-tab=\"6\" role=\"button\" aria-controls=\"elementor-tab-content-2686\" aria-expanded=\"false\">\n\t\t\t\t\t\t\t\t\t\t\t\t<span class=\"elementor-toggle-icon elementor-toggle-icon-left\" aria-hidden=\"true\">\n\t\t\t\t\t\t\t\t\t\t\t\t\t\t\t<span class=\"elementor-toggle-icon-closed\"><i class=\"fas fa-caret-right\"><\/i><\/span>\n\t\t\t\t\t\t\t\t<span class=\"elementor-toggle-icon-opened\"><i class=\"elementor-toggle-icon-opened fas fa-caret-up\"><\/i><\/span>\n\t\t\t\t\t\t\t\t\t\t\t\t\t<\/span>\n\t\t\t\t\t\t\t\t\t\t\t\t<a class=\"elementor-toggle-title\" tabindex=\"0\">Il marmo<\/a>\n\t\t\t\t\t<\/div>\n\n\t\t\t\t\t<div id=\"elementor-tab-content-2686\" class=\"elementor-tab-content elementor-clearfix\" data-tab=\"6\" role=\"region\" aria-labelledby=\"elementor-tab-title-2686\"><p style=\"text-align: left;\">colorato contiene una quantit\u00e0 inimmaginabile di impurit\u00e0; ne formano il colore e il motivo. La gamma di colori \u00e8 molto varia: dal rosa e blu al verde scuro e nero. Il marmo colorato \u00e8 sufficientemente resistente agli agenti irritanti esterni; pu\u00f2 essere utilizzato per qualsiasi tipo di lavoro di finitura.<\/p><\/div>\n\t\t\t\t<\/div>\n\t\t\t\t\t\t\t<div class=\"elementor-toggle-item\">\n\t\t\t\t\t<div id=\"elementor-tab-title-2687\" class=\"elementor-tab-title\" data-tab=\"7\" role=\"button\" aria-controls=\"elementor-tab-content-2687\" aria-expanded=\"false\">\n\t\t\t\t\t\t\t\t\t\t\t\t<span class=\"elementor-toggle-icon elementor-toggle-icon-left\" aria-hidden=\"true\">\n\t\t\t\t\t\t\t\t\t\t\t\t\t\t\t<span class=\"elementor-toggle-icon-closed\"><i class=\"fas fa-caret-right\"><\/i><\/span>\n\t\t\t\t\t\t\t\t<span class=\"elementor-toggle-icon-opened\"><i class=\"elementor-toggle-icon-opened fas fa-caret-up\"><\/i><\/span>\n\t\t\t\t\t\t\t\t\t\t\t\t\t<\/span>\n\t\t\t\t\t\t\t\t\t\t\t\t<a class=\"elementor-toggle-title\" tabindex=\"0\">Vendita all'ingrosso di marmo<\/a>\n\t\t\t\t\t<\/div>\n\n\t\t\t\t\t<div id=\"elementor-tab-content-2687\" class=\"elementor-tab-content elementor-clearfix\" data-tab=\"7\" role=\"region\" aria-labelledby=\"elementor-tab-title-2687\"><p style=\"text-align: left;\">Il marmo \u00e8 un ottimo materiale di finitura. Oltre ai rivestimenti esterni ed interni, il marmo viene utilizzato nella progettazione del paesaggio, nell&#8217;edilizia e nell&#8217;architettura, nell&#8217;ingegneria elettrica e nell&#8217;agricoltura.<\/p><p style=\"text-align: left;\">L&#8217;azienda Art Vision vende marmo all&#8217;ingrosso dal 2002 e offre marmo di alta qualit\u00e0.<\/p><\/div>\n\t\t\t\t<\/div>\n\t\t\t\t\t\t\t\t<\/div>\n\t\t\t\t\t\t<\/div>\n\t\t\t\t<\/div>\n\t\t\t\t\t<\/div>\n\t\t<\/div>\n\t\t\t\t\t<\/div>\n\t\t<\/section>\n\t\t\t\t<section class=\"elementor-section elementor-top-section elementor-element elementor-element-40e23f3 elementor-section-full_width qode_elementor_container_inner elementor-section-height-default elementor-section-height-default parallax_section_no\" data-id=\"40e23f3\" data-element_type=\"section\" data-e-type=\"section\">\n\t\t\t\t\t\t<div class=\"elementor-container elementor-column-gap-default\">\n\t\t\t\t\t<div class=\"elementor-column elementor-col-100 elementor-top-column elementor-element elementor-element-25280b9\" data-id=\"25280b9\" data-element_type=\"column\" data-e-type=\"column\">\n\t\t\t<div class=\"elementor-widget-wrap elementor-element-populated\">\n\t\t\t\t\t\t<div class=\"elementor-element elementor-element-85a8e3c elementor-widget elementor-widget-text-editor\" data-id=\"85a8e3c\" data-element_type=\"widget\" data-e-type=\"widget\" data-widget_type=\"text-editor.default\">\n\t\t\t\t<div class=\"elementor-widget-container\">\n\t\t\t\t\t\t\t\t\t<h2><strong>CATEGORIA <span style=\"color: #333300;\">DIMARMO<\/span><\/strong><\/h2>\n\t\t\t\t\t\t\t\t<\/div>\n\t\t\t\t<\/div>\n\t\t\t\t<div class=\"elementor-element elementor-element-9ccdcc7 elementor-widget__width-auto elementor-widget elementor-widget-qi_addons_for_elementor_separator\" data-id=\"9ccdcc7\" data-element_type=\"widget\" data-e-type=\"widget\" data-widget_type=\"qi_addons_for_elementor_separator.default\">\n\t\t\t\t<div class=\"elementor-widget-container\">\n\t\t\t\t\t<div class=\"qodef-shortcode qodef-m qodef-qi-separator qodef-qi-clear qodef-separator--standard\">\n\t<div class=\"qodef-m-line\"><\/div>\n<\/div>\n\t\t\t\t<\/div>\n\t\t\t\t<\/div>\n\t\t\t\t<section class=\"elementor-section elementor-inner-section elementor-element elementor-element-1303801 elementor-section-full_width zoomin elementor-section-height-default elementor-section-height-default parallax_section_no qode_elementor_container_no\" data-id=\"1303801\" data-element_type=\"section\" data-e-type=\"section\">\n\t\t\t\t\t\t<div class=\"elementor-container elementor-column-gap-default\">\n\t\t\t\t\t<div class=\"elementor-column elementor-col-50 elementor-inner-column elementor-element elementor-element-015a8f1\" data-id=\"015a8f1\" data-element_type=\"column\" data-e-type=\"column\">\n\t\t\t<div class=\"elementor-widget-wrap elementor-element-populated\">\n\t\t\t\t\t\t<div class=\"elementor-element elementor-element-82e9392 zoomin elementor-widget elementor-widget-qi_addons_for_elementor_image_gallery\" data-id=\"82e9392\" data-element_type=\"widget\" data-e-type=\"widget\" data-widget_type=\"qi_addons_for_elementor_image_gallery.default\">\n\t\t\t\t<div class=\"elementor-widget-container\">\n\t\t\t\t\t<div class=\"qodef-shortcode qodef-m qodef-qi-image-gallery qodef-image--hover-zoom qodef-qi-grid qodef-layout--qi-columns qodef-col-num--1 qodef-responsive--predefined\">\n\t<div class=\"qodef-grid-inner\">\n\t\t<div class=\"qodef-e qodef-image-wrapper qodef-grid-item\">\n\t<div class=\"qodef-e-inner\">\n\t\t\t\t\t<a itemprop=\"url\" href=\"https:\/\/artvision-marble.com\/sinai-pearl-light\/\" target=\"_self\">\n\t\t\t\t\t<img decoding=\"async\" src=\"https:\/\/artvision-marble.com\/wp-content\/uploads\/2023\/11\/S-I-N-A-I-P-E-A-R-L-L-I-G-H-T-200x200.png\" alt=\"\" width=\"200\" height=\"200\" \/>\t\t\t\t\t<\/a>\n\t\t\t<\/div>\n<\/div>\n\t<\/div>\n<\/div>\n\t\t\t\t<\/div>\n\t\t\t\t<\/div>\n\t\t\t\t<div class=\"elementor-element elementor-element-994fda3 elementor-widget elementor-widget-qi_addons_for_elementor_section_title\" data-id=\"994fda3\" data-element_type=\"widget\" data-e-type=\"widget\" data-widget_type=\"qi_addons_for_elementor_section_title.default\">\n\t\t\t\t<div class=\"elementor-widget-container\">\n\t\t\t\t\t<div class=\"qodef-shortcode qodef-m qodef-qi-section-title qodef-decoration--italic qodef-link--underline-draw qodef-subtitle-icon--left\">\n\t\t\t\t\t\t<h3 class=\"qodef-m-title\">\n\t\tLuce di perla del Sinai\t<\/h3>\n\t\t\t<\/div>\n\t\t\t\t<\/div>\n\t\t\t\t<\/div>\n\t\t\t\t\t<\/div>\n\t\t<\/div>\n\t\t\t\t<div class=\"elementor-column elementor-col-50 elementor-inner-column elementor-element elementor-element-85e3ff3\" data-id=\"85e3ff3\" data-element_type=\"column\" data-e-type=\"column\">\n\t\t\t<div class=\"elementor-widget-wrap elementor-element-populated\">\n\t\t\t\t\t\t<div class=\"elementor-element elementor-element-856f373 zoomin elementor-widget elementor-widget-qi_addons_for_elementor_image_gallery\" data-id=\"856f373\" data-element_type=\"widget\" data-e-type=\"widget\" data-widget_type=\"qi_addons_for_elementor_image_gallery.default\">\n\t\t\t\t<div class=\"elementor-widget-container\">\n\t\t\t\t\t<div class=\"qodef-shortcode qodef-m qodef-qi-image-gallery qodef-image--hover-zoom qodef-qi-grid qodef-layout--qi-columns qodef-col-num--1 qodef-responsive--predefined\">\n\t<div class=\"qodef-grid-inner\">\n\t\t<div class=\"qodef-e qodef-image-wrapper qodef-grid-item\">\n\t<div class=\"qodef-e-inner\">\n\t\t\t\t\t<a itemprop=\"url\" href=\"https:\/\/artvision-marble.com\/sinai-pearl-dark\/\" target=\"_self\">\n\t\t\t\t\t<img decoding=\"async\" src=\"https:\/\/artvision-marble.com\/wp-content\/uploads\/2023\/11\/S-I-N-A-I-p-e-a-r-l-d-a-r-k-200x200.png\" alt=\"\" width=\"200\" height=\"200\" \/>\t\t\t\t\t<\/a>\n\t\t\t<\/div>\n<\/div>\n\t<\/div>\n<\/div>\n\t\t\t\t<\/div>\n\t\t\t\t<\/div>\n\t\t\t\t<div class=\"elementor-element elementor-element-8986f91 elementor-widget elementor-widget-qi_addons_for_elementor_section_title\" data-id=\"8986f91\" data-element_type=\"widget\" data-e-type=\"widget\" data-widget_type=\"qi_addons_for_elementor_section_title.default\">\n\t\t\t\t<div class=\"elementor-widget-container\">\n\t\t\t\t\t<div class=\"qodef-shortcode qodef-m qodef-qi-section-title qodef-decoration--italic qodef-link--underline-draw qodef-subtitle-icon--left\">\n\t\t\t\t\t\t<h3 class=\"qodef-m-title\">\n\t\tPerla del Sinai Scuro\t<\/h3>\n\t\t\t<\/div>\n\t\t\t\t<\/div>\n\t\t\t\t<\/div>\n\t\t\t\t\t<\/div>\n\t\t<\/div>\n\t\t\t\t\t<\/div>\n\t\t<\/section>\n\t\t\t\t\t<\/div>\n\t\t<\/div>\n\t\t\t\t\t<\/div>\n\t\t<\/section>\n\t\t\t\t<section class=\"elementor-section elementor-top-section elementor-element elementor-element-209c523 elementor-section-boxed elementor-section-height-default elementor-section-height-default parallax_section_no qode_elementor_container_no\" data-id=\"209c523\" data-element_type=\"section\" data-e-type=\"section\">\n\t\t\t\t\t\t<div class=\"elementor-container elementor-column-gap-default\">\n\t\t\t\t\t<div class=\"elementor-column elementor-col-100 elementor-top-column elementor-element elementor-element-983bcef\" data-id=\"983bcef\" data-element_type=\"column\" data-e-type=\"column\">\n\t\t\t<div class=\"elementor-widget-wrap elementor-element-populated\">\n\t\t\t\t\t\t<div class=\"elementor-element elementor-element-46e4a9f elementor-grid-2 elementor-grid-tablet-3 elementor-grid-mobile-1 pp-woo--align-left pp-sale-badge-custom pp-woo-pagination-align-center elementor-widget elementor-widget-pp-woo-products\" data-id=\"46e4a9f\" data-element_type=\"widget\" data-e-type=\"widget\" data-settings=\"{&quot;products_columns&quot;:&quot;2&quot;,&quot;products_columns_tablet&quot;:&quot;3&quot;,&quot;products_columns_mobile&quot;:&quot;1&quot;}\" data-widget_type=\"pp-woo-products.skin-1\">\n\t\t\t\t<div class=\"elementor-widget-container\">\n\t\t\t\t\t<div class=\"pp-woocommerce pp-woo-products-grid pp-woo-skin-skin-1 pp-woo-query-manual\" data-page=\"7546\" data-skin=\"skin-1\" data-product-id=\"0\"><div class=\" columns-2 pp-woo-products-inner pp-woo-product__column-2 pp-woo-product__column-tablet-3 pp-woo-product__column-mobile-1\"><ul class=\"products elementor-grid columns-2\">\n<li class=\"elementor-grid-item post-5612 product type-product status-publish has-post-thumbnail product_cat-milly-grigio last instock shipping-taxable product-type-simple\">\r\n\t<div class=\"pp-woo-product-wrapper\">\r\n\t\t<div class=\"pp-woo-products-thumbnail-wrap\"><div class=\"pp-badge-container pp-left-badge-container\"><\/div><a href=\"https:\/\/artvision-marble.com\/it\/prodotto\/arte-vision-_-marmo-milly-grigio\/\" class=\"woocommerce-LoopProduct-link woocommerce-loop-product__link\"><img fetchpriority=\"high\" decoding=\"async\" width=\"300\" height=\"300\" src=\"https:\/\/artvision-marble.com\/wp-content\/uploads\/2023\/11\/M-I-L-L-I-G-R-E-Y-300x300.png\" class=\"attachment-woocommerce_thumbnail size-woocommerce_thumbnail\" alt=\"Art Vision _ Marmo Milly Grigio\" srcset=\"https:\/\/artvision-marble.com\/wp-content\/uploads\/2023\/11\/M-I-L-L-I-G-R-E-Y-300x300.png 300w, https:\/\/artvision-marble.com\/wp-content\/uploads\/2023\/11\/M-I-L-L-I-G-R-E-Y-150x150.png 150w, https:\/\/artvision-marble.com\/wp-content\/uploads\/2023\/11\/M-I-L-L-I-G-R-E-Y-570x570.png 570w, https:\/\/artvision-marble.com\/wp-content\/uploads\/2023\/11\/M-I-L-L-I-G-R-E-Y-500x500.png 500w, https:\/\/artvision-marble.com\/wp-content\/uploads\/2023\/11\/M-I-L-L-I-G-R-E-Y-650x650.png 650w, https:\/\/artvision-marble.com\/wp-content\/uploads\/2023\/11\/M-I-L-L-I-G-R-E-Y-100x100.png 100w\" sizes=\"(max-width: 300px) 100vw, 300px\" \/><\/a><\/div><div class=\"pp-woo-products-summary-wrap\">\t\t\t<span class=\"pp-woo-product-category\">\n\t\t\t\tMilly Grigio\t\t\t<\/span> \n\t\t\t<a href=\"https:\/\/artvision-marble.com\/it\/prodotto\/arte-vision-_-marmo-milly-grigio\/\" class=\"pp-loop-product__link\"><h2 class=\"woocommerce-loop-product__title\">Art Vision _ Marmo Milly Grigio<\/h2><\/a><span class=\"add-to-cart-button-outer\"><span class=\"add-to-cart-button-inner\"><a href=\"https:\/\/artvision-marble.com\/it\/prodotto\/arte-vision-_-marmo-milly-grigio\/\" data-quantity=\"1\" class=\"button product_type_simple qbutton add-to-cart-button\" data-product_id=\"5612\" data-product_sku=\"\" aria-label=\"Leggi di pi\u00f9 su &quot;Art Vision _ Marmo Milly Grigio&quot;\" rel=\"nofollow\" data-success_message=\"\">Leggi tutto<\/a><\/span><\/span><\/div>\t<\/div>\r\n<\/li>\r\n<li class=\"elementor-grid-item post-5618 product type-product status-publish has-post-thumbnail product_cat-lastre-lucide-perlate-del-sinai last instock shipping-taxable product-type-simple\">\r\n\t<div class=\"pp-woo-product-wrapper\">\r\n\t\t<div class=\"pp-woo-products-thumbnail-wrap\"><div class=\"pp-badge-container pp-left-badge-container\"><\/div><a href=\"https:\/\/artvision-marble.com\/it\/prodotto\/arte-vision-_-marmo-sinai-perla-lastre-lucide\/\" class=\"woocommerce-LoopProduct-link woocommerce-loop-product__link\"><img loading=\"lazy\" decoding=\"async\" width=\"300\" height=\"300\" src=\"https:\/\/artvision-marble.com\/wp-content\/uploads\/2023\/11\/Sinai-Pearl-polished-slabs-300x300.png\" class=\"attachment-woocommerce_thumbnail size-woocommerce_thumbnail\" alt=\"Art Vision _ Lastre lucide in marmo Sinai Pearl\" srcset=\"https:\/\/artvision-marble.com\/wp-content\/uploads\/2023\/11\/Sinai-Pearl-polished-slabs-300x300.png 300w, https:\/\/artvision-marble.com\/wp-content\/uploads\/2023\/11\/Sinai-Pearl-polished-slabs-150x150.png 150w, https:\/\/artvision-marble.com\/wp-content\/uploads\/2023\/11\/Sinai-Pearl-polished-slabs-570x570.png 570w, https:\/\/artvision-marble.com\/wp-content\/uploads\/2023\/11\/Sinai-Pearl-polished-slabs-500x500.png 500w, https:\/\/artvision-marble.com\/wp-content\/uploads\/2023\/11\/Sinai-Pearl-polished-slabs-650x650.png 650w, https:\/\/artvision-marble.com\/wp-content\/uploads\/2023\/11\/Sinai-Pearl-polished-slabs-100x100.png 100w\" sizes=\"(max-width: 300px) 100vw, 300px\" \/><\/a><\/div><div class=\"pp-woo-products-summary-wrap\">\t\t\t<span class=\"pp-woo-product-category\">\n\t\t\t\tLastre lucide perlate del Sinai\t\t\t<\/span> \n\t\t\t<a href=\"https:\/\/artvision-marble.com\/it\/prodotto\/arte-vision-_-marmo-sinai-perla-lastre-lucide\/\" class=\"pp-loop-product__link\"><h2 class=\"woocommerce-loop-product__title\">Art Vision _ Lastre lucide in marmo Sinai Pearl<\/h2><\/a><span class=\"add-to-cart-button-outer\"><span class=\"add-to-cart-button-inner\"><a href=\"https:\/\/artvision-marble.com\/it\/prodotto\/arte-vision-_-marmo-sinai-perla-lastre-lucide\/\" data-quantity=\"1\" class=\"button product_type_simple qbutton add-to-cart-button\" data-product_id=\"5618\" data-product_sku=\"\" aria-label=\"Leggi di pi\u00f9 su &quot;Art Vision _ Lastre lucide in marmo Sinai Pearl&quot;\" rel=\"nofollow\" data-success_message=\"\">Leggi tutto<\/a><\/span><\/span><\/div>\t<\/div>\r\n<\/li>\r\n<\/ul>\n<\/div><\/div>\t\t\t\t<\/div>\n\t\t\t\t<\/div>\n\t\t\t\t\t<\/div>\n\t\t<\/div>\n\t\t\t\t\t<\/div>\n\t\t<\/section>\n\t\t\t\t<\/div>\n\t\t","protected":false},"excerpt":{"rendered":"<p>Il marmo \u00e8 una roccia metamorfica costituita principalmente da calcite e dolomite e composti organici. La composizione delle impurit\u00e0 e la loro quantit\u00e0 formano una tavolozza variegata di colori, venature, macchie e un modello unico della pietra. \u00c8 interessante notare che il disegno del marmo&#8230;<\/p>\n","protected":false},"author":1,"featured_media":0,"parent":0,"menu_order":0,"comment_status":"closed","ping_status":"closed","template":"","meta":{"footnotes":""},"class_list":["post-7546","page","type-page","status-publish","hentry"],"_links":{"self":[{"href":"https:\/\/artvision-marble.com\/it\/wp-json\/wp\/v2\/pages\/7546","targetHints":{"allow":["GET"]}}],"collection":[{"href":"https:\/\/artvision-marble.com\/it\/wp-json\/wp\/v2\/pages"}],"about":[{"href":"https:\/\/artvision-marble.com\/it\/wp-json\/wp\/v2\/types\/page"}],"author":[{"embeddable":true,"href":"https:\/\/artvision-marble.com\/it\/wp-json\/wp\/v2\/users\/1"}],"replies":[{"embeddable":true,"href":"https:\/\/artvision-marble.com\/it\/wp-json\/wp\/v2\/comments?post=7546"}],"version-history":[{"count":0,"href":"https:\/\/artvision-marble.com\/it\/wp-json\/wp\/v2\/pages\/7546\/revisions"}],"wp:attachment":[{"href":"https:\/\/artvision-marble.com\/it\/wp-json\/wp\/v2\/media?parent=7546"}],"curies":[{"name":"wp","href":"https:\/\/api.w.org\/{rel}","templated":true}]}}